{"id":2472,"date":"2026-05-12T12:45:08","date_gmt":"2026-05-12T10:45:08","guid":{"rendered":"https:\/\/unilatex.es\/?page_id=2472"},"modified":"2026-05-12T17:39:08","modified_gmt":"2026-05-12T15:39:08","slug":"tru","status":"publish","type":"page","link":"https:\/\/unilatex.es\/it\/unilatex\/tru\/","title":{"rendered":"Trustpilot"},"content":{"rendered":"\t\t<div data-elementor-type=\"wp-page\" data-elementor-id=\"2472\" class=\"elementor elementor-2472\">\n\t\t\t\t<div class=\"elementor-element elementor-element-566a9dd e-flex e-con-boxed wpr-particle-no wpr-jarallax-no wpr-parallax-no wpr-sticky-section-no wpr-column-slider-no wpr-equal-height-no e-con e-parent\" data-id=\"566a9dd\" data-element_type=\"container\" data-e-type=\"container\">\n\t\t\t\t\t<div class=\"e-con-inner\">\n\t\t\t\t<div class=\"elementor-element elementor-element-3571990 elementor-widget elementor-widget-heading\" data-id=\"3571990\" data-element_type=\"widget\" data-e-type=\"widget\" data-widget_type=\"heading.default\">\n\t\t\t\t<div class=\"elementor-widget-container\">\n\t\t\t\t\t<h1 class=\"elementor-heading-title elementor-size-default\">Opina en Trustpilot<\/h1>\t\t\t\t<\/div>\n\t\t\t\t<\/div>\n\t\t\t\t\t<\/div>\n\t\t\t\t<\/div>\n\t\t<div class=\"elementor-element elementor-element-881a03c e-flex e-con-boxed wpr-particle-no wpr-jarallax-no wpr-parallax-no wpr-sticky-section-no wpr-column-slider-no wpr-equal-height-no e-con e-parent\" data-id=\"881a03c\" data-element_type=\"container\" data-e-type=\"container\">\n\t\t\t\t\t<div class=\"e-con-inner\">\n\t\t\t\t<div class=\"elementor-element elementor-element-063359b elementor-align-center elementor-widget elementor-widget-button\" data-id=\"063359b\" data-element_type=\"widget\" data-e-type=\"widget\" data-widget_type=\"button.default\">\n\t\t\t\t<div class=\"elementor-widget-container\">\n\t\t\t\t\t\t\t\t\t<div class=\"elementor-button-wrapper\">\n\t\t\t\t\t<a class=\"elementor-button elementor-button-link elementor-size-sm\" href=\"https:\/\/es.trustpilot.com\/review\/unilatex.es\">\n\t\t\t\t\t\t<span class=\"elementor-button-content-wrapper\">\n\t\t\t\t\t\t\t\t\t<span class=\"elementor-button-text\">Danos tu opini\u00f3n en Trustpilot<\/span>\n\t\t\t\t\t<\/span>\n\t\t\t\t\t<\/a>\n\t\t\t\t<\/div>\n\t\t\t\t\t\t\t\t<\/div>\n\t\t\t\t<\/div>\n\t\t\t\t\t<\/div>\n\t\t\t\t<\/div>\n\t\t<div class=\"elementor-element elementor-element-c0a91c5 e-flex e-con-boxed wpr-particle-no wpr-jarallax-no wpr-parallax-no wpr-sticky-section-no wpr-column-slider-no wpr-equal-height-no e-con e-parent\" data-id=\"c0a91c5\" data-element_type=\"container\" data-e-type=\"container\">\n\t\t\t\t\t<div class=\"e-con-inner\">\n\t\t\t\t<div class=\"elementor-element elementor-element-a4c5812 elementor-widget elementor-widget-text-editor\" data-id=\"a4c5812\" data-element_type=\"widget\" data-e-type=\"widget\" data-widget_type=\"text-editor.default\">\n\t\t\t\t<div class=\"elementor-widget-container\">\n\t\t\t\t\t\t\t\t\t<p>Tu opini\u00f3n es muy importante para seguir creciendo, Ay\u00fadanos dejando tu comentario en nuestros sitios de opiniones. Puedes leer tambi\u00e9n las rese\u00f1as de nuestros clientes.<\/p>\t\t\t\t\t\t\t\t<\/div>\n\t\t\t\t<\/div>\n\t\t\t\t\t<\/div>\n\t\t\t\t<\/div>\n\t\t<div class=\"elementor-element elementor-element-ac44c0a e-flex e-con-boxed wpr-particle-no wpr-jarallax-no wpr-parallax-no wpr-sticky-section-no wpr-column-slider-no wpr-equal-height-no e-con e-parent\" data-id=\"ac44c0a\" data-element_type=\"container\" data-e-type=\"container\">\n\t\t\t\t\t<div class=\"e-con-inner\">\n\t\t\t\t<div class=\"elementor-element elementor-element-4fa85ad elementor-widget elementor-widget-shortcode\" data-id=\"4fa85ad\" data-element_type=\"widget\" data-e-type=\"widget\" data-widget_type=\"shortcode.default\">\n\t\t\t\t<div class=\"elementor-widget-container\">\n\t\t\t\t\t\t\t<div class=\"elementor-shortcode\">\t\t<style>\n\t\t\t#sb-reviews-container-2{\n\t\t\t\t--column-gutter : 20px;\n\t\t\t}\n\t\t\t#sb-reviews-container-2 .sb-post-item-wrap{margin-bottom:20px!important;}#sb-reviews-container-2 .sb-feed-header-heading{font-weight:700;font-size:36px;line-height:100%;}#sb-reviews-container-2 .sb-feed-header-heading{color:#141B38;}#sb-reviews-container-2 .sb-feed-header-heading{padding:0px 0px 0px 0px ;}#sb-reviews-container-2 .sb-feed-header-heading{margin:0px 0px 10px 0px ;}#sb-reviews-container-2 .sb-feed-header-btn{font-weight:600;font-size:14px;line-height:22px;}#sb-reviews-container-2 .sb-feed-header-btn{color:#ffffff;}#sb-reviews-container-2 .sb-feed-header-btn{background:#0096CC;}#sb-reviews-container-2 .sb-feed-header-btn:hover{color:#ffffff;}#sb-reviews-container-2 .sb-feed-header-btn:hover{background:#CC3F3A;}#sb-reviews-container-2 .sb-feed-header-btn{padding:8px 20px 8px 12px ;}#sb-reviews-container-2 .sb-feed-header-btn{margin:0px 0px 0px 0px ;}#sb-reviews-container-2 .sb-feed-header-rating{font-weight:600;font-size:20px;line-height:1.5em;}#sb-reviews-container-2 .sb-feed-header-rating-subtext{font-weight:400;font-size:12px;line-height:1.5em;}#sb-reviews-container-2 .sb-feed-header-rating-icons{color:#0096CC;}#sb-reviews-container-2 .sb-feed-header-rating{color:#141B38;}#sb-reviews-container-2 .sb-feed-header-rating-subtext{color:#434960;}#sb-reviews-container-2 .sb-feed-header-bottom{padding:0px 0px 0px 0px ;}#sb-reviews-container-2 .sb-feed-header-bottom{margin:0px 0px 0px 0px ;}#sb-reviews-container-2 .sb-feed-header{padding:0px 0px 0px 0px ;}#sb-reviews-container-2 .sb-feed-header{margin:0px 0px 20px 0px ;}#sb-reviews-container-2 [data-post-style=\"boxed\"] .sb-post-item-wrap{border:1px solid #eee;}#sb-reviews-container-2 [data-post-style=\"regular\"] .sb-post-item-wrap{border-bottom:1px solid #eee;}#sb-reviews-container-2 .sb-post-item-wrap{padding:0px 0px 20px 0px ;}#sb-reviews-container-2 .sb-item-rating{color:#0096CC}#sb-reviews-container-2 .sb-item-rating{padding:0px 0px 0px 0px ;}#sb-reviews-container-2 .sb-item-rating{margin:15px 0px 15px 0px ;}#sb-reviews-container-2 .sb-item-text{font-weight:400;font-size:16px;line-height:1.5em;}#sb-reviews-container-2 .sb-item-text{color:#434960;}#sb-reviews-container-2 .sb-item-text{padding:0px 0px 0px 0px ;}#sb-reviews-container-2 .sb-item-text{margin:0px 0px 0px 0px ;}#sb-reviews-container-2 .sb-item-author-name{font-weight:600;font-size:14px;line-height:1.5em;}#sb-reviews-container-2 .sb-item-author-name{padding:0px 0px 0px 0px ;}#sb-reviews-container-2 .sb-item-author-name{margin:0px 0px 0px 0px ;}#sb-reviews-container-2 .sb-item-author-img img{border-radius:50px;}#sb-reviews-container-2 .sb-item-author-img{margin:0px 10px 0px 0px ;}#sb-reviews-container-2 .sb-item-author-date{font-weight:400;font-size:13px;line-height:1.5em;}#sb-reviews-container-2 .sb-item-author-date{padding:0px 0px 0px 0px ;}#sb-reviews-container-2 .sb-item-author-date{margin:0px 0px 0px 0px ;}#sb-reviews-container-2 .sb-item-author-name{color:#141B38;}#sb-reviews-container-2 .sb-item-author-date{color:#434960;}#sb-reviews-container-2 .sb-item-author-ctn{padding:0px 0px 0px 0px ;}#sb-reviews-container-2 .sb-item-author-ctn{margin:0px 0px 0px 0px ;}#sb-reviews-container-2 .sb-load-button{font-weight:600;font-size:16px;line-height:1em;}#sb-reviews-container-2 .sb-load-button{color:#141B38;}#sb-reviews-container-2 .sb-load-button{background:#E6E6EB;}#sb-reviews-container-2 .sb-load-button:hover{color:#ffffff;}#sb-reviews-container-2 .sb-load-button:hover{background:#0096CC;}#sb-reviews-container-2 .sb-load-button{padding:15px 0px 15px 0px ;}#sb-reviews-container-2 .sb-load-button-ctn{margin:20px 0px 0px 0px ;}\t\t<\/style>\n\t\t<section id=\"sb-reviews-container-2\" class=\"sbr-feed\">\n\t\t<section class=\"sb-feed-container \"\n\t\tdata-layout=\"list\"\n\t\tdata-gutter=\"20\"\n\t\tdata-post-style=\"regular\"\n\t\tdata-shortcode-atts=\"{}\"\n\t\tdata-feed-id=\"2\" data-misc=\"{&quot;num&quot;:{&quot;desktop&quot;:4,&quot;tablet&quot;:4,&quot;mobile&quot;:3},&quot;flagLastPage&quot;:true,&quot;contentLength&quot;:&quot;280&quot;}\"\t\tdata-sbr-flags=\"\"\n\t\t>\n\t\t<section class=\"sb-feed-header\" data-align=\"left\">\n\t<div class=\"sb-feed-header-content\">\n\t\t\t\t<div class=\"sb-feed-header-heading\"><span class=\"sb-relative\">Rese\u00f1as de nuestros clientes<\/span><\/div>\n\t\t\t\t\t\t<div class=\"sb-feed-header-bottom sb-fs\">\n\t\t\t\t\t\t<div class=\"sb-feed-header-average sb-relative\">\n\t\t\t\t<span class=\"sb-feed-header-rating\">0<\/span>\n\t\t\t\t<span class=\"sb-feed-header-rating-icons\">\n\t\t\t\t\t<span class=\"sb-feed-header-icon  sb-item-rating-icon-dimmed\"><svg viewBox=\"0 0 24 24\" fill=\"currentColor\">\n\t\t\t\t\t<path d=\"M12 2l3.09 6.26L22 9.27l-5 4.87 1.18 6.88L12 17.77l-6.18 3.25L7 14.14 2 9.27l6.91-1.01L12 2z\"\/>\n\t\t\t\t<\/svg><\/span><span class=\"sb-feed-header-icon  sb-item-rating-icon-dimmed\"><svg viewBox=\"0 0 24 24\" fill=\"currentColor\">\n\t\t\t\t\t<path d=\"M12 2l3.09 6.26L22 9.27l-5 4.87 1.18 6.88L12 17.77l-6.18 3.25L7 14.14 2 9.27l6.91-1.01L12 2z\"\/>\n\t\t\t\t<\/svg><\/span><span class=\"sb-feed-header-icon  sb-item-rating-icon-dimmed\"><svg viewBox=\"0 0 24 24\" fill=\"currentColor\">\n\t\t\t\t\t<path d=\"M12 2l3.09 6.26L22 9.27l-5 4.87 1.18 6.88L12 17.77l-6.18 3.25L7 14.14 2 9.27l6.91-1.01L12 2z\"\/>\n\t\t\t\t<\/svg><\/span><span class=\"sb-feed-header-icon  sb-item-rating-icon-dimmed\"><svg viewBox=\"0 0 24 24\" fill=\"currentColor\">\n\t\t\t\t\t<path d=\"M12 2l3.09 6.26L22 9.27l-5 4.87 1.18 6.88L12 17.77l-6.18 3.25L7 14.14 2 9.27l6.91-1.01L12 2z\"\/>\n\t\t\t\t<\/svg><\/span><span class=\"sb-feed-header-icon  sb-item-rating-icon-dimmed\"><svg viewBox=\"0 0 24 24\" fill=\"currentColor\">\n\t\t\t\t\t<path d=\"M12 2l3.09 6.26L22 9.27l-5 4.87 1.18 6.88L12 17.77l-6.18 3.25L7 14.14 2 9.27l6.91-1.01L12 2z\"\/>\n\t\t\t\t<\/svg><\/span>\t\t\t\t<\/span>\n\t\t\t\t<span class=\"sb-feed-header-rating-subtext\">\n\t\t\t\t\t\t\t\t\t<\/span>\n\t\t\t<\/div>\n\t\t\t\n\t\t\t\t\t\t<div class=\"sb-feed-header-btn-ctn sb-relative\">\n\t\t\t\t<a href=\"https:\/\/es.trustpilot.com\/review\/unilatex.es\" target=\"_blank\" rel=\"noopener noreferrer\" class=\"sb-btn sb-feed-header-btn\" data-icon-position=\"left\" data-onlyicon=\"true\">\n\t\t\t\t\t<span class=\"sb-btn-icon\">\n\t\t\t\t\t\t<svg viewBox=\"0 0 12 12\" fill=\"none\" xmlns=\"http:\/\/www.w3.org\/2000\/svg\"><path d=\"M1.5 8.62501V10.5H3.375L8.905 4.97001L7.03 3.09501L1.5 8.62501ZM10.705 3.17001L8.83 1.29501L7.565 2.56501L9.44 4.44001L10.705 3.17001Z\" fill=\"#141B38\"><\/path><\/svg>\n\t\t\t\t\t<\/span>\n\t\t\t\t\tEscribe una rese\u00f1a\t\t\t\t<\/a>\n\t\t\t<\/div>\n\t\t\t\n\t\t<\/div>\n\t\t\n\t<\/div>\n<\/section>\n\n\n\t\t<section class=\"sb-feed-posts\" data-icon-size=\"small\" data-avatar-size=\"medium\">\n\t\t\t\t\t<\/section>\n\n\t\t<section class=\"sb-load-button-ctn\">\n\t<button class=\"sb-btn sb-load-button sb-btn-small\" data-icon-position=\"left\" data-full-width=\"true\" data-onlyicon=\"true\"><span>Load More<\/span><\/button>\n\t<span class=\"sbr-loader sbr-hidden\" style=\"background-color: rgb(255, 255, 255);\" aria-hidden=\"true\"><\/span>\n<\/section>\n\n\t\t\t<\/section>\n<\/section>\n\n<\/div>\n\t\t\t\t\t\t<\/div>\n\t\t\t\t<\/div>\n\t\t\t\t\t<\/div>\n\t\t\t\t<\/div>\n\t\t\t\t<\/div>\n\t\t","protected":false},"excerpt":{"rendered":"<p>Opina en Trustpilot Danos tu opini\u00f3n en Trustpilot Tu opini\u00f3n es muy importante para seguir creciendo, Ay\u00fadanos dejando tu comentario en nuestros sitios de opiniones. Puedes leer tambi\u00e9n las rese\u00f1as de nuestros clientes.<\/p>","protected":false},"author":2,"featured_media":0,"parent":17,"menu_order":1,"comment_status":"closed","ping_status":"closed","template":"","meta":{"footnotes":""},"class_list":["post-2472","page","type-page","status-publish","hentry"],"yoast_head":"<!-- This site is optimized with the Yoast SEO plugin v27.5 - https:\/\/yoast.com\/product\/yoast-seo-wordpress\/ -->\n<title>Trustpilot - Unilatex<\/title>\n<meta name=\"robots\" content=\"index, follow, max-snippet:-1, max-image-preview:large, max-video-preview:-1\" \/>\n<link rel=\"canonical\" href=\"https:\/\/unilatex.es\/it\/unilatex\/tru\/\" \/>\n<meta property=\"og:locale\" content=\"it_IT\" \/>\n<meta property=\"og:type\" content=\"article\" \/>\n<meta property=\"og:title\" content=\"Trustpilot - Unilatex\" \/>\n<meta property=\"og:description\" content=\"Opina en Trustpilot Danos tu opini\u00f3n en Trustpilot Tu opini\u00f3n es muy importante para seguir creciendo, Ay\u00fadanos dejando tu comentario en nuestros sitios de opiniones. Puedes leer tambi\u00e9n las rese\u00f1as de nuestros clientes.\" \/>\n<meta property=\"og:url\" content=\"https:\/\/unilatex.es\/it\/unilatex\/tru\/\" \/>\n<meta property=\"og:site_name\" content=\"Unilatex\" \/>\n<meta property=\"article:modified_time\" content=\"2026-05-12T15:39:08+00:00\" \/>\n<meta name=\"twitter:card\" content=\"summary_large_image\" \/>\n<meta name=\"twitter:label1\" content=\"Tempo di lettura stimato\" \/>\n\t<meta name=\"twitter:data1\" content=\"1 minuto\" \/>\n<script type=\"application\/ld+json\" class=\"yoast-schema-graph\">{\"@context\":\"https:\\\/\\\/schema.org\",\"@graph\":[{\"@type\":\"WebPage\",\"@id\":\"https:\\\/\\\/unilatex.es\\\/es\\\/unilatex\\\/tru\\\/\",\"url\":\"https:\\\/\\\/unilatex.es\\\/es\\\/unilatex\\\/tru\\\/\",\"name\":\"Trustpilot - Unilatex\",\"isPartOf\":{\"@id\":\"https:\\\/\\\/unilatex.es\\\/#website\"},\"datePublished\":\"2026-05-12T10:45:08+00:00\",\"dateModified\":\"2026-05-12T15:39:08+00:00\",\"breadcrumb\":{\"@id\":\"https:\\\/\\\/unilatex.es\\\/es\\\/unilatex\\\/tru\\\/#breadcrumb\"},\"inLanguage\":\"it-IT\",\"potentialAction\":[{\"@type\":\"ReadAction\",\"target\":[\"https:\\\/\\\/unilatex.es\\\/es\\\/unilatex\\\/tru\\\/\"]}]},{\"@type\":\"BreadcrumbList\",\"@id\":\"https:\\\/\\\/unilatex.es\\\/es\\\/unilatex\\\/tru\\\/#breadcrumb\",\"itemListElement\":[{\"@type\":\"ListItem\",\"position\":1,\"name\":\"Home\",\"item\":\"https:\\\/\\\/unilatex.es\\\/es\\\/\"},{\"@type\":\"ListItem\",\"position\":2,\"name\":\"Inicio\",\"item\":\"https:\\\/\\\/unilatex.es\\\/es\\\/\"},{\"@type\":\"ListItem\",\"position\":3,\"name\":\"Trustpilot\"}]},{\"@type\":\"WebSite\",\"@id\":\"https:\\\/\\\/unilatex.es\\\/#website\",\"url\":\"https:\\\/\\\/unilatex.es\\\/\",\"name\":\"Unilatex\",\"description\":\"Unilatex Espa\u00f1a\",\"publisher\":{\"@id\":\"https:\\\/\\\/unilatex.es\\\/#organization\"},\"potentialAction\":[{\"@type\":\"SearchAction\",\"target\":{\"@type\":\"EntryPoint\",\"urlTemplate\":\"https:\\\/\\\/unilatex.es\\\/?s={search_term_string}\"},\"query-input\":{\"@type\":\"PropertyValueSpecification\",\"valueRequired\":true,\"valueName\":\"search_term_string\"}}],\"inLanguage\":\"it-IT\"},{\"@type\":\"Organization\",\"@id\":\"https:\\\/\\\/unilatex.es\\\/#organization\",\"name\":\"Unilatex\",\"url\":\"https:\\\/\\\/unilatex.es\\\/\",\"logo\":{\"@type\":\"ImageObject\",\"inLanguage\":\"it-IT\",\"@id\":\"https:\\\/\\\/unilatex.es\\\/#\\\/schema\\\/logo\\\/image\\\/\",\"url\":\"https:\\\/\\\/unilatex.es\\\/wp-content\\\/uploads\\\/2024\\\/10\\\/logo-unilatex.png\",\"contentUrl\":\"https:\\\/\\\/unilatex.es\\\/wp-content\\\/uploads\\\/2024\\\/10\\\/logo-unilatex.png\",\"width\":237,\"height\":54,\"caption\":\"Unilatex\"},\"image\":{\"@id\":\"https:\\\/\\\/unilatex.es\\\/#\\\/schema\\\/logo\\\/image\\\/\"}}]}<\/script>\n<!-- \/ Yoast SEO plugin. -->","yoast_head_json":{"title":"Trustpilot - Unilatex","robots":{"index":"index","follow":"follow","max-snippet":"max-snippet:-1","max-image-preview":"max-image-preview:large","max-video-preview":"max-video-preview:-1"},"canonical":"https:\/\/unilatex.es\/it\/unilatex\/tru\/","og_locale":"it_IT","og_type":"article","og_title":"Trustpilot - Unilatex","og_description":"Opina en Trustpilot Danos tu opini\u00f3n en Trustpilot Tu opini\u00f3n es muy importante para seguir creciendo, Ay\u00fadanos dejando tu comentario en nuestros sitios de opiniones. Puedes leer tambi\u00e9n las rese\u00f1as de nuestros clientes.","og_url":"https:\/\/unilatex.es\/it\/unilatex\/tru\/","og_site_name":"Unilatex","article_modified_time":"2026-05-12T15:39:08+00:00","twitter_card":"summary_large_image","twitter_misc":{"Tempo di lettura stimato":"1 minuto"},"schema":{"@context":"https:\/\/schema.org","@graph":[{"@type":"WebPage","@id":"https:\/\/unilatex.es\/es\/unilatex\/tru\/","url":"https:\/\/unilatex.es\/es\/unilatex\/tru\/","name":"Trustpilot - Unilatex","isPartOf":{"@id":"https:\/\/unilatex.es\/#website"},"datePublished":"2026-05-12T10:45:08+00:00","dateModified":"2026-05-12T15:39:08+00:00","breadcrumb":{"@id":"https:\/\/unilatex.es\/es\/unilatex\/tru\/#breadcrumb"},"inLanguage":"it-IT","potentialAction":[{"@type":"ReadAction","target":["https:\/\/unilatex.es\/es\/unilatex\/tru\/"]}]},{"@type":"BreadcrumbList","@id":"https:\/\/unilatex.es\/es\/unilatex\/tru\/#breadcrumb","itemListElement":[{"@type":"ListItem","position":1,"name":"Home","item":"https:\/\/unilatex.es\/es\/"},{"@type":"ListItem","position":2,"name":"Inicio","item":"https:\/\/unilatex.es\/es\/"},{"@type":"ListItem","position":3,"name":"Trustpilot"}]},{"@type":"WebSite","@id":"https:\/\/unilatex.es\/#website","url":"https:\/\/unilatex.es\/","name":"Unilatex","description":"Unilatex Spagna","publisher":{"@id":"https:\/\/unilatex.es\/#organization"},"potentialAction":[{"@type":"SearchAction","target":{"@type":"EntryPoint","urlTemplate":"https:\/\/unilatex.es\/?s={search_term_string}"},"query-input":{"@type":"PropertyValueSpecification","valueRequired":true,"valueName":"search_term_string"}}],"inLanguage":"it-IT"},{"@type":"Organization","@id":"https:\/\/unilatex.es\/#organization","name":"Unilatex","url":"https:\/\/unilatex.es\/","logo":{"@type":"ImageObject","inLanguage":"it-IT","@id":"https:\/\/unilatex.es\/#\/schema\/logo\/image\/","url":"https:\/\/unilatex.es\/wp-content\/uploads\/2024\/10\/logo-unilatex.png","contentUrl":"https:\/\/unilatex.es\/wp-content\/uploads\/2024\/10\/logo-unilatex.png","width":237,"height":54,"caption":"Unilatex"},"image":{"@id":"https:\/\/unilatex.es\/#\/schema\/logo\/image\/"}}]}},"_links":{"self":[{"href":"https:\/\/unilatex.es\/it\/wp-json\/wp\/v2\/pages\/2472","targetHints":{"allow":["GET"]}}],"collection":[{"href":"https:\/\/unilatex.es\/it\/wp-json\/wp\/v2\/pages"}],"about":[{"href":"https:\/\/unilatex.es\/it\/wp-json\/wp\/v2\/types\/page"}],"author":[{"embeddable":true,"href":"https:\/\/unilatex.es\/it\/wp-json\/wp\/v2\/users\/2"}],"replies":[{"embeddable":true,"href":"https:\/\/unilatex.es\/it\/wp-json\/wp\/v2\/comments?post=2472"}],"version-history":[{"count":24,"href":"https:\/\/unilatex.es\/it\/wp-json\/wp\/v2\/pages\/2472\/revisions"}],"predecessor-version":[{"id":2525,"href":"https:\/\/unilatex.es\/it\/wp-json\/wp\/v2\/pages\/2472\/revisions\/2525"}],"up":[{"embeddable":true,"href":"https:\/\/unilatex.es\/it\/wp-json\/wp\/v2\/pages\/17"}],"wp:attachment":[{"href":"https:\/\/unilatex.es\/it\/wp-json\/wp\/v2\/media?parent=2472"}],"curies":[{"name":"wp","href":"https:\/\/api.w.org\/{rel}","templated":true}]}}