{"id":885,"date":"2024-12-03T17:45:57","date_gmt":"2024-12-03T15:45:57","guid":{"rendered":"https:\/\/unilatex.es\/?page_id=885"},"modified":"2025-04-29T11:23:48","modified_gmt":"2025-04-29T09:23:48","slug":"test-multipanel-de-deteccion-de-drogas-en-orina","status":"publish","type":"page","link":"https:\/\/unilatex.es\/es\/unilatex\/productos\/test-multipanel-de-deteccion-de-drogas-en-orina\/","title":{"rendered":"Test Multipanel de detecci\u00f3n de drogas en orina"},"content":{"rendered":"\t\t<div data-elementor-type=\"wp-page\" data-elementor-id=\"885\" class=\"elementor elementor-885\">\n\t\t\t\t<div class=\"elementor-element elementor-element-485ae8a6 e-flex e-con-boxed wpr-particle-no wpr-jarallax-no wpr-parallax-no wpr-sticky-section-no wpr-column-slider-no wpr-equal-height-no e-con e-parent\" data-id=\"485ae8a6\" data-element_type=\"container\" data-e-type=\"container\" data-settings=\"{&quot;background_background&quot;:&quot;classic&quot;}\">\n\t\t\t\t\t<div class=\"e-con-inner\">\n\t\t<div class=\"elementor-element elementor-element-75a79239 e-con-full e-flex wpr-particle-no wpr-jarallax-no wpr-parallax-no wpr-sticky-section-no wpr-column-slider-no wpr-equal-height-no e-con e-child\" data-id=\"75a79239\" data-element_type=\"container\" data-e-type=\"container\">\n\t\t<div class=\"elementor-element elementor-element-4e0514be e-con-full e-flex wpr-particle-no wpr-jarallax-no wpr-parallax-no wpr-sticky-section-no wpr-column-slider-no wpr-equal-height-no e-con e-child\" data-id=\"4e0514be\" data-element_type=\"container\" data-e-type=\"container\" id=\"headerInfoBox\">\n\t\t\t\t<div class=\"elementor-element elementor-element-64ea873d elementor-widget elementor-widget-heading\" data-id=\"64ea873d\" data-element_type=\"widget\" data-e-type=\"widget\" data-widget_type=\"heading.default\">\n\t\t\t\t<div class=\"elementor-widget-container\">\n\t\t\t\t\t<h2 class=\"elementor-heading-title elementor-size-default\">Test Multipanel de detecci\u00f3n de 5, 6 y 10 drogas en orina<\/h2>\t\t\t\t<\/div>\n\t\t\t\t<\/div>\n\t\t\t\t<div class=\"elementor-element elementor-element-121a590 elementor-widget elementor-widget-text-editor\" data-id=\"121a590\" data-element_type=\"widget\" data-e-type=\"widget\" data-widget_type=\"text-editor.default\">\n\t\t\t\t<div class=\"elementor-widget-container\">\n\t\t\t\t\t\t\t\t\t<p>Desde un simple test inmuno-ensayo a complejos procesos anal\u00edticos.<\/p>\t\t\t\t\t\t\t\t<\/div>\n\t\t\t\t<\/div>\n\t\t\t\t<\/div>\n\t\t<div class=\"elementor-element elementor-element-365c40af e-con-full e-flex wpr-particle-no wpr-jarallax-no wpr-parallax-no wpr-sticky-section-no wpr-column-slider-no wpr-equal-height-no e-con e-child\" data-id=\"365c40af\" data-element_type=\"container\" data-e-type=\"container\">\n\t\t\t\t<div class=\"elementor-element elementor-element-1ea86873 elementor-widget elementor-widget-heading\" data-id=\"1ea86873\" data-element_type=\"widget\" data-e-type=\"widget\" data-widget_type=\"heading.default\">\n\t\t\t\t<div class=\"elementor-widget-container\">\n\t\t\t\t\t<h4 class=\"elementor-heading-title elementor-size-default\">Si le interesa este producto, por favor...<\/h4>\t\t\t\t<\/div>\n\t\t\t\t<\/div>\n\t\t\t\t<div class=\"elementor-element elementor-element-829a313 elementor-widget elementor-widget-button\" data-id=\"829a313\" data-element_type=\"widget\" data-e-type=\"widget\" data-widget_type=\"button.default\">\n\t\t\t\t<div class=\"elementor-widget-container\">\n\t\t\t\t\t\t\t\t\t<div class=\"elementor-button-wrapper\">\n\t\t\t\t\t<a class=\"elementor-button elementor-button-link elementor-size-sm\" href=\"https:\/\/unilatex.es\/unilatex\/contacto\/\">\n\t\t\t\t\t\t<span class=\"elementor-button-content-wrapper\">\n\t\t\t\t\t\t\t\t\t<span class=\"elementor-button-text\">Contacta con nosotros<\/span>\n\t\t\t\t\t<\/span>\n\t\t\t\t\t<\/a>\n\t\t\t\t<\/div>\n\t\t\t\t\t\t\t\t<\/div>\n\t\t\t\t<\/div>\n\t\t\t\t<\/div>\n\t\t\t\t<\/div>\n\t\t\t\t\t<\/div>\n\t\t\t\t<\/div>\n\t\t<div class=\"elementor-element elementor-element-2eab6bec e-flex e-con-boxed wpr-particle-no wpr-jarallax-no wpr-parallax-no wpr-sticky-section-no wpr-column-slider-no wpr-equal-height-no e-con e-parent\" data-id=\"2eab6bec\" data-element_type=\"container\" data-e-type=\"container\" data-settings=\"{&quot;background_background&quot;:&quot;classic&quot;}\">\n\t\t\t\t\t<div class=\"e-con-inner\">\n\t\t\t\t<div class=\"elementor-element elementor-element-2b22f6ac elementor-widget elementor-widget-heading\" data-id=\"2b22f6ac\" data-element_type=\"widget\" data-e-type=\"widget\" data-widget_type=\"heading.default\">\n\t\t\t\t<div class=\"elementor-widget-container\">\n\t\t\t\t\t<h2 class=\"elementor-heading-title elementor-size-default\">Ref. 2016, 2017 y 2018. Test Multipanel de detecci\u00f3n de 5, 6 y 10 drogas en orina.<\/h2>\t\t\t\t<\/div>\n\t\t\t\t<\/div>\n\t\t\t\t<div class=\"elementor-element elementor-element-1f17e6a0 elementor-widget elementor-widget-text-editor\" data-id=\"1f17e6a0\" data-element_type=\"widget\" data-e-type=\"widget\" data-widget_type=\"text-editor.default\">\n\t\t\t\t<div class=\"elementor-widget-container\">\n\t\t\t\t\t\t\t\t\t<p>Es un Test multipantalla en panel de 5, 6 y 10 sensibilidades para la detecci\u00f3n simult\u00e1nea y cualitativa de hasta 10 drogas y metabolitos en la orina humana mediante tiras reactivas.<\/p><p>Pueden detectar desde un simple test inmuno-ensayo, a complejos procesos anal\u00edticos.<\/p><p>La velocidad y complejidad del inmunoensayo ha sido que sea el procedimiento m\u00e1s ampliamente aceptado para analizar la orina para con el fin de detectar el abuso de m\u00faltiples drogas.<\/p>\t\t\t\t\t\t\t\t<\/div>\n\t\t\t\t<\/div>\n\t\t\t\t<div class=\"elementor-element elementor-element-76b32b2 elementor-widget elementor-widget-heading\" data-id=\"76b32b2\" data-element_type=\"widget\" data-e-type=\"widget\" data-widget_type=\"heading.default\">\n\t\t\t\t<div class=\"elementor-widget-container\">\n\t\t\t\t\t<h2 class=\"elementor-heading-title elementor-size-default\">Este es un test para uso de diagn\u00f3stico in-vitro. Puede analizar las siguiente drogas:<\/h2>\t\t\t\t<\/div>\n\t\t\t\t<\/div>\n\t\t\t\t<div class=\"elementor-element elementor-element-8fb5f99 elementor-widget elementor-widget-text-editor\" data-id=\"8fb5f99\" data-element_type=\"widget\" data-e-type=\"widget\" data-widget_type=\"text-editor.default\">\n\t\t\t\t<div class=\"elementor-widget-container\">\n\t\t\t\t\t\t\t\t\t<ul><li>Anfetaminas (AMP)<\/li><li>Barbit\u00faricos (BAR)<\/li><li>Benzodiacepinas (BZO)<\/li><li>Coca\u00edna (COC)<\/li><li>Marihuana (THC)<\/li><li>Metadona (MTD)<\/li><li>Metanfetaminas (MET, Speed-Cristal)<\/li><li>Mezilenodioxymezamfetaminas (MDMA, \u00c9xtasis)<\/li><li>Morfina (MOP 300)<\/li><li>Opi\u00e1ceos (Hero\u00edna, OPI 2000)<\/li><li>Fenciclidina (PCP)<\/li><li>Antidepresivos Tric\u00edclicos (TCA)<\/li><\/ul>\t\t\t\t\t\t\t\t<\/div>\n\t\t\t\t<\/div>\n\t\t\t\t\t<\/div>\n\t\t\t\t<\/div>\n\t\t<div class=\"elementor-element elementor-element-3da9eb87 e-flex e-con-boxed wpr-particle-no wpr-jarallax-no wpr-parallax-no wpr-sticky-section-no wpr-column-slider-no wpr-equal-height-no e-con e-parent\" data-id=\"3da9eb87\" data-element_type=\"container\" data-e-type=\"container\">\n\t\t\t\t\t<div class=\"e-con-inner\">\n\t\t\t\t<div class=\"elementor-element elementor-element-4b929465 elementor-widget-divider--view-line elementor-widget elementor-widget-divider\" data-id=\"4b929465\" data-element_type=\"widget\" data-e-type=\"widget\" data-widget_type=\"divider.default\">\n\t\t\t\t<div class=\"elementor-widget-container\">\n\t\t\t\t\t\t\t<div class=\"elementor-divider\">\n\t\t\t<span class=\"elementor-divider-separator\">\n\t\t\t\t\t\t<\/span>\n\t\t<\/div>\n\t\t\t\t\t\t<\/div>\n\t\t\t\t<\/div>\n\t\t\t\t\t<\/div>\n\t\t\t\t<\/div>\n\t\t\t\t<\/div>\n\t\t","protected":false},"excerpt":{"rendered":"<p>Test Multipanel de detecci\u00f3n de 5, 6 y 10 drogas en orina Desde un simple test inmuno-ensayo a complejos procesos anal\u00edticos. Si le interesa este producto, por favor&#8230; Contacta con nosotros Ref. 2016, 2017 y 2018. Test Multipanel de detecci\u00f3n de 5, 6 y 10 drogas en orina. Es un Test multipantalla en panel de 5, 6 y 10 sensibilidades para la detecci\u00f3n simult\u00e1nea y cualitativa de hasta 10 drogas y metabolitos en la orina humana mediante tiras reactivas. Pueden detectar desde un simple test inmuno-ensayo, a complejos procesos anal\u00edticos. La velocidad y complejidad del inmunoensayo ha sido que sea el procedimiento m\u00e1s ampliamente aceptado para analizar la orina para con el fin de detectar el abuso de m\u00faltiples drogas. Este es un test para uso de diagn\u00f3stico in-vitro. Puede analizar las siguiente drogas: Anfetaminas (AMP) Barbit\u00faricos (BAR) Benzodiacepinas (BZO) Coca\u00edna (COC) Marihuana (THC) Metadona (MTD) Metanfetaminas (MET, Speed-Cristal) Mezilenodioxymezamfetaminas (MDMA, \u00c9xtasis) Morfina (MOP 300) Opi\u00e1ceos (Hero\u00edna, OPI 2000) Fenciclidina (PCP) Antidepresivos Tric\u00edclicos (TCA)<\/p>\n","protected":false},"author":2,"featured_media":0,"parent":279,"menu_order":2,"comment_status":"closed","ping_status":"closed","template":"","meta":{"footnotes":""},"class_list":["post-885","page","type-page","status-publish","hentry"],"yoast_head":"<!-- This site is optimized with the Yoast SEO plugin v27.5 - https:\/\/yoast.com\/product\/yoast-seo-wordpress\/ -->\n<title>Test Multipanel de detecci\u00f3n de drogas en orina - Unilatex<\/title>\n<meta name=\"robots\" content=\"index, follow, max-snippet:-1, max-video-preview:-1, noimageindex\" \/>\n<link rel=\"canonical\" href=\"https:\/\/unilatex.es\/es\/unilatex\/productos\/test-multipanel-de-deteccion-de-drogas-en-orina\/\" \/>\n<meta property=\"og:locale\" content=\"es_ES\" \/>\n<meta property=\"og:type\" content=\"article\" \/>\n<meta property=\"og:title\" content=\"Test Multipanel de detecci\u00f3n de drogas en orina - Unilatex\" \/>\n<meta property=\"og:description\" content=\"Test Multipanel de detecci\u00f3n de 5, 6 y 10 drogas en orina Desde un simple test inmuno-ensayo a complejos procesos anal\u00edticos. Si le interesa este producto, por favor&#8230; Contacta con nosotros Ref. 2016, 2017 y 2018. Test Multipanel de detecci\u00f3n de 5, 6 y 10 drogas en orina. Es un Test multipantalla en panel de 5, 6 y 10 sensibilidades para la detecci\u00f3n simult\u00e1nea y cualitativa de hasta 10 drogas y metabolitos en la orina humana mediante tiras reactivas. Pueden detectar desde un simple test inmuno-ensayo, a complejos procesos anal\u00edticos. La velocidad y complejidad del inmunoensayo ha sido que sea el procedimiento m\u00e1s ampliamente aceptado para analizar la orina para con el fin de detectar el abuso de m\u00faltiples drogas. Este es un test para uso de diagn\u00f3stico in-vitro. Puede analizar las siguiente drogas: Anfetaminas (AMP) Barbit\u00faricos (BAR) Benzodiacepinas (BZO) Coca\u00edna (COC) Marihuana (THC) Metadona (MTD) Metanfetaminas (MET, Speed-Cristal) Mezilenodioxymezamfetaminas (MDMA, \u00c9xtasis) Morfina (MOP 300) Opi\u00e1ceos (Hero\u00edna, OPI 2000) Fenciclidina (PCP) Antidepresivos Tric\u00edclicos (TCA)\" \/>\n<meta property=\"og:url\" content=\"https:\/\/unilatex.es\/es\/unilatex\/productos\/test-multipanel-de-deteccion-de-drogas-en-orina\/\" \/>\n<meta property=\"og:site_name\" content=\"Unilatex\" \/>\n<meta property=\"article:modified_time\" content=\"2025-04-29T09:23:48+00:00\" \/>\n<meta name=\"twitter:card\" content=\"summary_large_image\" \/>\n<meta name=\"twitter:label1\" content=\"Tiempo de lectura\" \/>\n\t<meta name=\"twitter:data1\" content=\"1 minuto\" \/>\n<script type=\"application\/ld+json\" class=\"yoast-schema-graph\">{\"@context\":\"https:\\\/\\\/schema.org\",\"@graph\":[{\"@type\":\"Article\",\"@id\":\"https:\\\/\\\/unilatex.es\\\/unilatex\\\/productos\\\/test-multipanel-de-deteccion-de-drogas-en-orina\\\/#article\",\"isPartOf\":{\"@id\":\"https:\\\/\\\/unilatex.es\\\/es\\\/unilatex\\\/productos\\\/test-multipanel-de-deteccion-de-drogas-en-orina\\\/\"},\"author\":{\"name\":\"webmasterUnilatex\",\"@id\":\"https:\\\/\\\/unilatex.es\\\/#\\\/schema\\\/person\\\/0fa555dbe7c14adf7b86a6b06854cc3f\"},\"headline\":\"Test Multipanel de detecci\u00f3n de drogas en orina\",\"datePublished\":\"2024-12-03T15:45:57+00:00\",\"dateModified\":\"2025-04-29T09:23:48+00:00\",\"mainEntityOfPage\":{\"@id\":\"https:\\\/\\\/unilatex.es\\\/es\\\/unilatex\\\/productos\\\/test-multipanel-de-deteccion-de-drogas-en-orina\\\/\"},\"wordCount\":172,\"publisher\":{\"@id\":\"https:\\\/\\\/unilatex.es\\\/#organization\"},\"inLanguage\":\"es\"},{\"@type\":\"WebPage\",\"@id\":\"https:\\\/\\\/unilatex.es\\\/es\\\/unilatex\\\/productos\\\/test-multipanel-de-deteccion-de-drogas-en-orina\\\/\",\"url\":\"https:\\\/\\\/unilatex.es\\\/unilatex\\\/productos\\\/test-multipanel-de-deteccion-de-drogas-en-orina\\\/\",\"name\":\"Test Multipanel de detecci\u00f3n de drogas en orina - Unilatex\",\"isPartOf\":{\"@id\":\"https:\\\/\\\/unilatex.es\\\/#website\"},\"datePublished\":\"2024-12-03T15:45:57+00:00\",\"dateModified\":\"2025-04-29T09:23:48+00:00\",\"breadcrumb\":{\"@id\":\"https:\\\/\\\/unilatex.es\\\/unilatex\\\/productos\\\/test-multipanel-de-deteccion-de-drogas-en-orina\\\/#breadcrumb\"},\"inLanguage\":\"es\",\"potentialAction\":[{\"@type\":\"ReadAction\",\"target\":[\"https:\\\/\\\/unilatex.es\\\/unilatex\\\/productos\\\/test-multipanel-de-deteccion-de-drogas-en-orina\\\/\"]}]},{\"@type\":\"BreadcrumbList\",\"@id\":\"https:\\\/\\\/unilatex.es\\\/unilatex\\\/productos\\\/test-multipanel-de-deteccion-de-drogas-en-orina\\\/#breadcrumb\",\"itemListElement\":[{\"@type\":\"ListItem\",\"position\":1,\"name\":\"Home\",\"item\":\"https:\\\/\\\/unilatex.es\\\/es\\\/\"},{\"@type\":\"ListItem\",\"position\":2,\"name\":\"Inicio\",\"item\":\"https:\\\/\\\/unilatex.es\\\/es\\\/\"},{\"@type\":\"ListItem\",\"position\":3,\"name\":\"Productos\",\"item\":\"https:\\\/\\\/unilatex.es\\\/es\\\/unilatex\\\/productos\\\/\"},{\"@type\":\"ListItem\",\"position\":4,\"name\":\"Test Multipanel de detecci\u00f3n de drogas en orina\"}]},{\"@type\":\"WebSite\",\"@id\":\"https:\\\/\\\/unilatex.es\\\/#website\",\"url\":\"https:\\\/\\\/unilatex.es\\\/\",\"name\":\"Unilatex\",\"description\":\"Unilatex Espa\u00f1a\",\"publisher\":{\"@id\":\"https:\\\/\\\/unilatex.es\\\/#organization\"},\"potentialAction\":[{\"@type\":\"SearchAction\",\"target\":{\"@type\":\"EntryPoint\",\"urlTemplate\":\"https:\\\/\\\/unilatex.es\\\/?s={search_term_string}\"},\"query-input\":{\"@type\":\"PropertyValueSpecification\",\"valueRequired\":true,\"valueName\":\"search_term_string\"}}],\"inLanguage\":\"es\"},{\"@type\":\"Organization\",\"@id\":\"https:\\\/\\\/unilatex.es\\\/#organization\",\"name\":\"Unilatex\",\"url\":\"https:\\\/\\\/unilatex.es\\\/\",\"logo\":{\"@type\":\"ImageObject\",\"inLanguage\":\"es\",\"@id\":\"https:\\\/\\\/unilatex.es\\\/#\\\/schema\\\/logo\\\/image\\\/\",\"url\":\"https:\\\/\\\/unilatex.es\\\/wp-content\\\/uploads\\\/2024\\\/10\\\/logo-unilatex.png\",\"contentUrl\":\"https:\\\/\\\/unilatex.es\\\/wp-content\\\/uploads\\\/2024\\\/10\\\/logo-unilatex.png\",\"width\":237,\"height\":54,\"caption\":\"Unilatex\"},\"image\":{\"@id\":\"https:\\\/\\\/unilatex.es\\\/#\\\/schema\\\/logo\\\/image\\\/\"}},{\"@type\":\"Person\",\"@id\":\"https:\\\/\\\/unilatex.es\\\/#\\\/schema\\\/person\\\/0fa555dbe7c14adf7b86a6b06854cc3f\",\"name\":\"webmasterUnilatex\",\"image\":{\"@type\":\"ImageObject\",\"inLanguage\":\"es\",\"@id\":\"https:\\\/\\\/secure.gravatar.com\\\/avatar\\\/54a072751f9e21222a3568a8d2d69b4022fd6593a6c3d0e82153b1607fe75950?s=96&r=g\",\"url\":\"https:\\\/\\\/secure.gravatar.com\\\/avatar\\\/54a072751f9e21222a3568a8d2d69b4022fd6593a6c3d0e82153b1607fe75950?s=96&r=g\",\"contentUrl\":\"https:\\\/\\\/secure.gravatar.com\\\/avatar\\\/54a072751f9e21222a3568a8d2d69b4022fd6593a6c3d0e82153b1607fe75950?s=96&r=g\",\"caption\":\"webmasterUnilatex\"}}]}<\/script>\n<!-- \/ Yoast SEO plugin. -->","yoast_head_json":{"title":"Test Multipanel de detecci\u00f3n de drogas en orina - Unilatex","robots":{"index":"index","follow":"follow","max-snippet":"max-snippet:-1","max-video-preview":"max-video-preview:-1","imageindex":"noimageindex"},"canonical":"https:\/\/unilatex.es\/es\/unilatex\/productos\/test-multipanel-de-deteccion-de-drogas-en-orina\/","og_locale":"es_ES","og_type":"article","og_title":"Test Multipanel de detecci\u00f3n de drogas en orina - Unilatex","og_description":"Test Multipanel de detecci\u00f3n de 5, 6 y 10 drogas en orina Desde un simple test inmuno-ensayo a complejos procesos anal\u00edticos. Si le interesa este producto, por favor&#8230; Contacta con nosotros Ref. 2016, 2017 y 2018. Test Multipanel de detecci\u00f3n de 5, 6 y 10 drogas en orina. Es un Test multipantalla en panel de 5, 6 y 10 sensibilidades para la detecci\u00f3n simult\u00e1nea y cualitativa de hasta 10 drogas y metabolitos en la orina humana mediante tiras reactivas. Pueden detectar desde un simple test inmuno-ensayo, a complejos procesos anal\u00edticos. La velocidad y complejidad del inmunoensayo ha sido que sea el procedimiento m\u00e1s ampliamente aceptado para analizar la orina para con el fin de detectar el abuso de m\u00faltiples drogas. Este es un test para uso de diagn\u00f3stico in-vitro. Puede analizar las siguiente drogas: Anfetaminas (AMP) Barbit\u00faricos (BAR) Benzodiacepinas (BZO) Coca\u00edna (COC) Marihuana (THC) Metadona (MTD) Metanfetaminas (MET, Speed-Cristal) Mezilenodioxymezamfetaminas (MDMA, \u00c9xtasis) Morfina (MOP 300) Opi\u00e1ceos (Hero\u00edna, OPI 2000) Fenciclidina (PCP) Antidepresivos Tric\u00edclicos (TCA)","og_url":"https:\/\/unilatex.es\/es\/unilatex\/productos\/test-multipanel-de-deteccion-de-drogas-en-orina\/","og_site_name":"Unilatex","article_modified_time":"2025-04-29T09:23:48+00:00","twitter_card":"summary_large_image","twitter_misc":{"Tiempo de lectura":"1 minuto"},"schema":{"@context":"https:\/\/schema.org","@graph":[{"@type":"Article","@id":"https:\/\/unilatex.es\/unilatex\/productos\/test-multipanel-de-deteccion-de-drogas-en-orina\/#article","isPartOf":{"@id":"https:\/\/unilatex.es\/es\/unilatex\/productos\/test-multipanel-de-deteccion-de-drogas-en-orina\/"},"author":{"name":"webmasterUnilatex","@id":"https:\/\/unilatex.es\/#\/schema\/person\/0fa555dbe7c14adf7b86a6b06854cc3f"},"headline":"Test Multipanel de detecci\u00f3n de drogas en orina","datePublished":"2024-12-03T15:45:57+00:00","dateModified":"2025-04-29T09:23:48+00:00","mainEntityOfPage":{"@id":"https:\/\/unilatex.es\/es\/unilatex\/productos\/test-multipanel-de-deteccion-de-drogas-en-orina\/"},"wordCount":172,"publisher":{"@id":"https:\/\/unilatex.es\/#organization"},"inLanguage":"es"},{"@type":"WebPage","@id":"https:\/\/unilatex.es\/es\/unilatex\/productos\/test-multipanel-de-deteccion-de-drogas-en-orina\/","url":"https:\/\/unilatex.es\/unilatex\/productos\/test-multipanel-de-deteccion-de-drogas-en-orina\/","name":"Test Multipanel de detecci\u00f3n de drogas en orina - Unilatex","isPartOf":{"@id":"https:\/\/unilatex.es\/#website"},"datePublished":"2024-12-03T15:45:57+00:00","dateModified":"2025-04-29T09:23:48+00:00","breadcrumb":{"@id":"https:\/\/unilatex.es\/unilatex\/productos\/test-multipanel-de-deteccion-de-drogas-en-orina\/#breadcrumb"},"inLanguage":"es","potentialAction":[{"@type":"ReadAction","target":["https:\/\/unilatex.es\/unilatex\/productos\/test-multipanel-de-deteccion-de-drogas-en-orina\/"]}]},{"@type":"BreadcrumbList","@id":"https:\/\/unilatex.es\/unilatex\/productos\/test-multipanel-de-deteccion-de-drogas-en-orina\/#breadcrumb","itemListElement":[{"@type":"ListItem","position":1,"name":"Home","item":"https:\/\/unilatex.es\/es\/"},{"@type":"ListItem","position":2,"name":"Inicio","item":"https:\/\/unilatex.es\/es\/"},{"@type":"ListItem","position":3,"name":"Productos","item":"https:\/\/unilatex.es\/es\/unilatex\/productos\/"},{"@type":"ListItem","position":4,"name":"Test Multipanel de detecci\u00f3n de drogas en orina"}]},{"@type":"WebSite","@id":"https:\/\/unilatex.es\/#website","url":"https:\/\/unilatex.es\/","name":"Unilatex","description":"Unilatex Espa\u00f1a","publisher":{"@id":"https:\/\/unilatex.es\/#organization"},"potentialAction":[{"@type":"SearchAction","target":{"@type":"EntryPoint","urlTemplate":"https:\/\/unilatex.es\/?s={search_term_string}"},"query-input":{"@type":"PropertyValueSpecification","valueRequired":true,"valueName":"search_term_string"}}],"inLanguage":"es"},{"@type":"Organization","@id":"https:\/\/unilatex.es\/#organization","name":"Unilatex","url":"https:\/\/unilatex.es\/","logo":{"@type":"ImageObject","inLanguage":"es","@id":"https:\/\/unilatex.es\/#\/schema\/logo\/image\/","url":"https:\/\/unilatex.es\/wp-content\/uploads\/2024\/10\/logo-unilatex.png","contentUrl":"https:\/\/unilatex.es\/wp-content\/uploads\/2024\/10\/logo-unilatex.png","width":237,"height":54,"caption":"Unilatex"},"image":{"@id":"https:\/\/unilatex.es\/#\/schema\/logo\/image\/"}},{"@type":"Person","@id":"https:\/\/unilatex.es\/#\/schema\/person\/0fa555dbe7c14adf7b86a6b06854cc3f","name":"webmasterUnilatex","image":{"@type":"ImageObject","inLanguage":"es","@id":"https:\/\/secure.gravatar.com\/avatar\/54a072751f9e21222a3568a8d2d69b4022fd6593a6c3d0e82153b1607fe75950?s=96&r=g","url":"https:\/\/secure.gravatar.com\/avatar\/54a072751f9e21222a3568a8d2d69b4022fd6593a6c3d0e82153b1607fe75950?s=96&r=g","contentUrl":"https:\/\/secure.gravatar.com\/avatar\/54a072751f9e21222a3568a8d2d69b4022fd6593a6c3d0e82153b1607fe75950?s=96&r=g","caption":"webmasterUnilatex"}}]}},"_links":{"self":[{"href":"https:\/\/unilatex.es\/es\/wp-json\/wp\/v2\/pages\/885","targetHints":{"allow":["GET"]}}],"collection":[{"href":"https:\/\/unilatex.es\/es\/wp-json\/wp\/v2\/pages"}],"about":[{"href":"https:\/\/unilatex.es\/es\/wp-json\/wp\/v2\/types\/page"}],"author":[{"embeddable":true,"href":"https:\/\/unilatex.es\/es\/wp-json\/wp\/v2\/users\/2"}],"replies":[{"embeddable":true,"href":"https:\/\/unilatex.es\/es\/wp-json\/wp\/v2\/comments?post=885"}],"version-history":[{"count":16,"href":"https:\/\/unilatex.es\/es\/wp-json\/wp\/v2\/pages\/885\/revisions"}],"predecessor-version":[{"id":1945,"href":"https:\/\/unilatex.es\/es\/wp-json\/wp\/v2\/pages\/885\/revisions\/1945"}],"up":[{"embeddable":true,"href":"https:\/\/unilatex.es\/es\/wp-json\/wp\/v2\/pages\/279"}],"wp:attachment":[{"href":"https:\/\/unilatex.es\/es\/wp-json\/wp\/v2\/media?parent=885"}],"curies":[{"name":"wp","href":"https:\/\/api.w.org\/{rel}","templated":true}]}}