{"id":869,"date":"2024-12-03T17:45:18","date_gmt":"2024-12-03T15:45:18","guid":{"rendered":"https:\/\/unilatex.es\/?page_id=869"},"modified":"2025-04-29T11:23:48","modified_gmt":"2025-04-29T09:23:48","slug":"test-multipanel-de-drogas-de-abuso-en-saliva","status":"publish","type":"page","link":"https:\/\/unilatex.es\/es\/unilatex\/productos\/test-multipanel-de-drogas-de-abuso-en-saliva\/","title":{"rendered":"Test Multipanel de drogas de abuso en saliva"},"content":{"rendered":"\t\t<div data-elementor-type=\"wp-page\" data-elementor-id=\"869\" class=\"elementor elementor-869\">\n\t\t\t\t<div class=\"elementor-element elementor-element-3a86cc67 e-flex e-con-boxed wpr-particle-no wpr-jarallax-no wpr-parallax-no wpr-sticky-section-no wpr-column-slider-no wpr-equal-height-no e-con e-parent\" data-id=\"3a86cc67\" data-element_type=\"container\" data-e-type=\"container\" data-settings=\"{&quot;background_background&quot;:&quot;classic&quot;}\">\n\t\t\t\t\t<div class=\"e-con-inner\">\n\t\t<div class=\"elementor-element elementor-element-eafe2e7 e-con-full e-flex wpr-particle-no wpr-jarallax-no wpr-parallax-no wpr-sticky-section-no wpr-column-slider-no wpr-equal-height-no e-con e-child\" data-id=\"eafe2e7\" data-element_type=\"container\" data-e-type=\"container\">\n\t\t<div class=\"elementor-element elementor-element-16cd7316 e-con-full e-flex wpr-particle-no wpr-jarallax-no wpr-parallax-no wpr-sticky-section-no wpr-column-slider-no wpr-equal-height-no e-con e-child\" data-id=\"16cd7316\" data-element_type=\"container\" data-e-type=\"container\" id=\"headerInfoBox\">\n\t\t\t\t<div class=\"elementor-element elementor-element-2a80bc64 elementor-widget elementor-widget-heading\" data-id=\"2a80bc64\" data-element_type=\"widget\" data-e-type=\"widget\" data-widget_type=\"heading.default\">\n\t\t\t\t<div class=\"elementor-widget-container\">\n\t\t\t\t\t<h2 class=\"elementor-heading-title elementor-size-default\">Test Multipanel de drogas de abuso en saliva<\/h2>\t\t\t\t<\/div>\n\t\t\t\t<\/div>\n\t\t\t\t<div class=\"elementor-element elementor-element-7626f32a elementor-widget elementor-widget-text-editor\" data-id=\"7626f32a\" data-element_type=\"widget\" data-e-type=\"widget\" data-widget_type=\"text-editor.default\">\n\t\t\t\t<div class=\"elementor-widget-container\">\n\t\t\t\t\t\t\t\t\t<p>Basado en principios de alta especificidad inmunoqu\u00edmica.<\/p>\t\t\t\t\t\t\t\t<\/div>\n\t\t\t\t<\/div>\n\t\t\t\t<\/div>\n\t\t<div class=\"elementor-element elementor-element-25c4be6f e-con-full e-flex wpr-particle-no wpr-jarallax-no wpr-parallax-no wpr-sticky-section-no wpr-column-slider-no wpr-equal-height-no e-con e-child\" data-id=\"25c4be6f\" data-element_type=\"container\" data-e-type=\"container\">\n\t\t\t\t<div class=\"elementor-element elementor-element-5a3608c1 elementor-widget elementor-widget-heading\" data-id=\"5a3608c1\" data-element_type=\"widget\" data-e-type=\"widget\" data-widget_type=\"heading.default\">\n\t\t\t\t<div class=\"elementor-widget-container\">\n\t\t\t\t\t<h4 class=\"elementor-heading-title elementor-size-default\">Si le interesa este producto, por favor...<\/h4>\t\t\t\t<\/div>\n\t\t\t\t<\/div>\n\t\t\t\t<div class=\"elementor-element elementor-element-6076cf07 elementor-widget elementor-widget-button\" data-id=\"6076cf07\" data-element_type=\"widget\" data-e-type=\"widget\" data-widget_type=\"button.default\">\n\t\t\t\t<div class=\"elementor-widget-container\">\n\t\t\t\t\t\t\t\t\t<div class=\"elementor-button-wrapper\">\n\t\t\t\t\t<a class=\"elementor-button elementor-button-link elementor-size-sm\" href=\"https:\/\/unilatex.es\/unilatex\/contacto\/\">\n\t\t\t\t\t\t<span class=\"elementor-button-content-wrapper\">\n\t\t\t\t\t\t\t\t\t<span class=\"elementor-button-text\">Contacta con nosotros<\/span>\n\t\t\t\t\t<\/span>\n\t\t\t\t\t<\/a>\n\t\t\t\t<\/div>\n\t\t\t\t\t\t\t\t<\/div>\n\t\t\t\t<\/div>\n\t\t\t\t<\/div>\n\t\t\t\t<\/div>\n\t\t\t\t\t<\/div>\n\t\t\t\t<\/div>\n\t\t<div class=\"elementor-element elementor-element-1c486472 e-flex e-con-boxed wpr-particle-no wpr-jarallax-no wpr-parallax-no wpr-sticky-section-no wpr-column-slider-no wpr-equal-height-no e-con e-parent\" data-id=\"1c486472\" data-element_type=\"container\" data-e-type=\"container\" data-settings=\"{&quot;background_background&quot;:&quot;classic&quot;}\">\n\t\t\t\t\t<div class=\"e-con-inner\">\n\t\t\t\t<div class=\"elementor-element elementor-element-53eb519a elementor-widget elementor-widget-heading\" data-id=\"53eb519a\" data-element_type=\"widget\" data-e-type=\"widget\" data-widget_type=\"heading.default\">\n\t\t\t\t<div class=\"elementor-widget-container\">\n\t\t\t\t\t<h2 class=\"elementor-heading-title elementor-size-default\">Ref. 2019. Multipanel de drogas de abuso en saliva (6 par\u00e1metros).<\/h2>\t\t\t\t<\/div>\n\t\t\t\t<\/div>\n\t\t\t\t<div class=\"elementor-element elementor-element-68e25905 elementor-widget elementor-widget-text-editor\" data-id=\"68e25905\" data-element_type=\"widget\" data-e-type=\"widget\" data-widget_type=\"text-editor.default\">\n\t\t\t\t<div class=\"elementor-widget-container\">\n\t\t\t\t\t\t\t\t\t<p>El test de detecci\u00f3n de drogas de abuso formato Multipanel en saliva es un inmunoensayo cualitiativo de flujo lateral,\u00a0que detecta la presencia de 6 tipos de droga en el esp\u00e9cimen de la saliva.<\/p><p>El test est\u00e1 basado en principios de alta especificidad inmunoqu\u00edmica que reacciona con los anticupuerpos y los antigenes.<\/p><p>El mecanismo del test detecta la presencia de anticuerpos monoclonales en los correspondientes metabolitos de muestras de orina humana, con una elevada sensibilidad, cercana al 100%.<\/p><p>El nivel de detecci\u00f3n de los metabolitos ha sido desarrollado y establecido por el Instituto Nacional de Drogas de Abuso de USA: NIDA (the National Institute on Drug Abuse) para la detecci\u00f3n cualitativa de de los mismos en saliva.<\/p>\t\t\t\t\t\t\t\t<\/div>\n\t\t\t\t<\/div>\n\t\t\t\t<div class=\"elementor-element elementor-element-289d87f elementor-widget elementor-widget-heading\" data-id=\"289d87f\" data-element_type=\"widget\" data-e-type=\"widget\" data-widget_type=\"heading.default\">\n\t\t\t\t<div class=\"elementor-widget-container\">\n\t\t\t\t\t<h2 class=\"elementor-heading-title elementor-size-default\">Nuestro test de drogas de abuso en saliva detecta 6 tipos de drogas (formato panel):<\/h2>\t\t\t\t<\/div>\n\t\t\t\t<\/div>\n\t\t\t\t<div class=\"elementor-element elementor-element-37e8f84 elementor-widget elementor-widget-text-editor\" data-id=\"37e8f84\" data-element_type=\"widget\" data-e-type=\"widget\" data-widget_type=\"text-editor.default\">\n\t\t\t\t<div class=\"elementor-widget-container\">\n\t\t\t\t\t\t\t\t\t<ul><li>Anfetaminas (AMP, Speed)<\/li><li>Coca\u00edna (COC)<\/li><li>Marihuana (THC, Cannabis)<\/li><li>Metadona (MTD)<\/li><li>Metanfetaminas (MET, \u00c9xtasis)<\/li><li>Opi\u00e1ceos (Hero\u00edna)<\/li><\/ul>\t\t\t\t\t\t\t\t<\/div>\n\t\t\t\t<\/div>\n\t\t\t\t\t<\/div>\n\t\t\t\t<\/div>\n\t\t<div class=\"elementor-element elementor-element-528c17a1 e-flex e-con-boxed wpr-particle-no wpr-jarallax-no wpr-parallax-no wpr-sticky-section-no wpr-column-slider-no wpr-equal-height-no e-con e-parent\" data-id=\"528c17a1\" data-element_type=\"container\" data-e-type=\"container\">\n\t\t\t\t\t<div class=\"e-con-inner\">\n\t\t\t\t<div class=\"elementor-element elementor-element-1c11b13c elementor-widget-divider--view-line elementor-widget elementor-widget-divider\" data-id=\"1c11b13c\" data-element_type=\"widget\" data-e-type=\"widget\" data-widget_type=\"divider.default\">\n\t\t\t\t<div class=\"elementor-widget-container\">\n\t\t\t\t\t\t\t<div class=\"elementor-divider\">\n\t\t\t<span class=\"elementor-divider-separator\">\n\t\t\t\t\t\t<\/span>\n\t\t<\/div>\n\t\t\t\t\t\t<\/div>\n\t\t\t\t<\/div>\n\t\t\t\t\t<\/div>\n\t\t\t\t<\/div>\n\t\t\t\t<\/div>\n\t\t","protected":false},"excerpt":{"rendered":"<p>Test Multipanel de drogas de abuso en saliva Basado en principios de alta especificidad inmunoqu\u00edmica. Si le interesa este producto, por favor&#8230; Contacta con nosotros Ref. 2019. Multipanel de drogas de abuso en saliva (6 par\u00e1metros). El test de detecci\u00f3n de drogas de abuso formato Multipanel en saliva es un inmunoensayo cualitiativo de flujo lateral,\u00a0que detecta la presencia de 6 tipos de droga en el esp\u00e9cimen de la saliva. El test est\u00e1 basado en principios de alta especificidad inmunoqu\u00edmica que reacciona con los anticupuerpos y los antigenes. El mecanismo del test detecta la presencia de anticuerpos monoclonales en los correspondientes metabolitos de muestras de orina humana, con una elevada sensibilidad, cercana al 100%. El nivel de detecci\u00f3n de los metabolitos ha sido desarrollado y establecido por el Instituto Nacional de Drogas de Abuso de USA: NIDA (the National Institute on Drug Abuse) para la detecci\u00f3n cualitativa de de los mismos en saliva. Nuestro test de drogas de abuso en saliva detecta 6 tipos de drogas (formato panel): Anfetaminas (AMP, Speed) Coca\u00edna (COC) Marihuana (THC, Cannabis) Metadona (MTD) Metanfetaminas (MET, \u00c9xtasis) Opi\u00e1ceos (Hero\u00edna)<\/p>\n","protected":false},"author":2,"featured_media":0,"parent":279,"menu_order":2,"comment_status":"closed","ping_status":"closed","template":"","meta":{"footnotes":""},"class_list":["post-869","page","type-page","status-publish","hentry"],"yoast_head":"<!-- This site is optimized with the Yoast SEO plugin v27.5 - https:\/\/yoast.com\/product\/yoast-seo-wordpress\/ -->\n<title>Test Multipanel de drogas de abuso en saliva - Unilatex<\/title>\n<meta name=\"robots\" content=\"index, follow, max-snippet:-1, max-video-preview:-1, noimageindex\" \/>\n<link rel=\"canonical\" href=\"https:\/\/unilatex.es\/es\/unilatex\/productos\/test-multipanel-de-drogas-de-abuso-en-saliva\/\" \/>\n<meta property=\"og:locale\" content=\"es_ES\" \/>\n<meta property=\"og:type\" content=\"article\" \/>\n<meta property=\"og:title\" content=\"Test Multipanel de drogas de abuso en saliva - Unilatex\" \/>\n<meta property=\"og:description\" content=\"Test Multipanel de drogas de abuso en saliva Basado en principios de alta especificidad inmunoqu\u00edmica. Si le interesa este producto, por favor&#8230; Contacta con nosotros Ref. 2019. Multipanel de drogas de abuso en saliva (6 par\u00e1metros). El test de detecci\u00f3n de drogas de abuso formato Multipanel en saliva es un inmunoensayo cualitiativo de flujo lateral,\u00a0que detecta la presencia de 6 tipos de droga en el esp\u00e9cimen de la saliva. El test est\u00e1 basado en principios de alta especificidad inmunoqu\u00edmica que reacciona con los anticupuerpos y los antigenes. El mecanismo del test detecta la presencia de anticuerpos monoclonales en los correspondientes metabolitos de muestras de orina humana, con una elevada sensibilidad, cercana al 100%. El nivel de detecci\u00f3n de los metabolitos ha sido desarrollado y establecido por el Instituto Nacional de Drogas de Abuso de USA: NIDA (the National Institute on Drug Abuse) para la detecci\u00f3n cualitativa de de los mismos en saliva. Nuestro test de drogas de abuso en saliva detecta 6 tipos de drogas (formato panel): Anfetaminas (AMP, Speed) Coca\u00edna (COC) Marihuana (THC, Cannabis) Metadona (MTD) Metanfetaminas (MET, \u00c9xtasis) Opi\u00e1ceos (Hero\u00edna)\" \/>\n<meta property=\"og:url\" content=\"https:\/\/unilatex.es\/es\/unilatex\/productos\/test-multipanel-de-drogas-de-abuso-en-saliva\/\" \/>\n<meta property=\"og:site_name\" content=\"Unilatex\" \/>\n<meta property=\"article:modified_time\" content=\"2025-04-29T09:23:48+00:00\" \/>\n<meta name=\"twitter:card\" content=\"summary_large_image\" \/>\n<meta name=\"twitter:label1\" content=\"Tiempo de lectura\" \/>\n\t<meta name=\"twitter:data1\" content=\"1 minuto\" \/>\n<script type=\"application\/ld+json\" class=\"yoast-schema-graph\">{\"@context\":\"https:\\\/\\\/schema.org\",\"@graph\":[{\"@type\":\"Article\",\"@id\":\"https:\\\/\\\/unilatex.es\\\/unilatex\\\/productos\\\/test-multipanel-de-drogas-de-abuso-en-saliva\\\/#article\",\"isPartOf\":{\"@id\":\"https:\\\/\\\/unilatex.es\\\/es\\\/unilatex\\\/productos\\\/test-multipanel-de-drogas-de-abuso-en-saliva\\\/\"},\"author\":{\"name\":\"webmasterUnilatex\",\"@id\":\"https:\\\/\\\/unilatex.es\\\/#\\\/schema\\\/person\\\/0fa555dbe7c14adf7b86a6b06854cc3f\"},\"headline\":\"Test Multipanel de drogas de abuso en saliva\",\"datePublished\":\"2024-12-03T15:45:18+00:00\",\"dateModified\":\"2025-04-29T09:23:48+00:00\",\"mainEntityOfPage\":{\"@id\":\"https:\\\/\\\/unilatex.es\\\/es\\\/unilatex\\\/productos\\\/test-multipanel-de-drogas-de-abuso-en-saliva\\\/\"},\"wordCount\":196,\"publisher\":{\"@id\":\"https:\\\/\\\/unilatex.es\\\/#organization\"},\"inLanguage\":\"es\"},{\"@type\":\"WebPage\",\"@id\":\"https:\\\/\\\/unilatex.es\\\/es\\\/unilatex\\\/productos\\\/test-multipanel-de-drogas-de-abuso-en-saliva\\\/\",\"url\":\"https:\\\/\\\/unilatex.es\\\/unilatex\\\/productos\\\/test-multipanel-de-drogas-de-abuso-en-saliva\\\/\",\"name\":\"Test Multipanel de drogas de abuso en saliva - Unilatex\",\"isPartOf\":{\"@id\":\"https:\\\/\\\/unilatex.es\\\/#website\"},\"datePublished\":\"2024-12-03T15:45:18+00:00\",\"dateModified\":\"2025-04-29T09:23:48+00:00\",\"breadcrumb\":{\"@id\":\"https:\\\/\\\/unilatex.es\\\/unilatex\\\/productos\\\/test-multipanel-de-drogas-de-abuso-en-saliva\\\/#breadcrumb\"},\"inLanguage\":\"es\",\"potentialAction\":[{\"@type\":\"ReadAction\",\"target\":[\"https:\\\/\\\/unilatex.es\\\/unilatex\\\/productos\\\/test-multipanel-de-drogas-de-abuso-en-saliva\\\/\"]}]},{\"@type\":\"BreadcrumbList\",\"@id\":\"https:\\\/\\\/unilatex.es\\\/unilatex\\\/productos\\\/test-multipanel-de-drogas-de-abuso-en-saliva\\\/#breadcrumb\",\"itemListElement\":[{\"@type\":\"ListItem\",\"position\":1,\"name\":\"Home\",\"item\":\"https:\\\/\\\/unilatex.es\\\/es\\\/\"},{\"@type\":\"ListItem\",\"position\":2,\"name\":\"Inicio\",\"item\":\"https:\\\/\\\/unilatex.es\\\/es\\\/\"},{\"@type\":\"ListItem\",\"position\":3,\"name\":\"Productos\",\"item\":\"https:\\\/\\\/unilatex.es\\\/es\\\/unilatex\\\/productos\\\/\"},{\"@type\":\"ListItem\",\"position\":4,\"name\":\"Test Multipanel de drogas de abuso en saliva\"}]},{\"@type\":\"WebSite\",\"@id\":\"https:\\\/\\\/unilatex.es\\\/#website\",\"url\":\"https:\\\/\\\/unilatex.es\\\/\",\"name\":\"Unilatex\",\"description\":\"Unilatex Espa\u00f1a\",\"publisher\":{\"@id\":\"https:\\\/\\\/unilatex.es\\\/#organization\"},\"potentialAction\":[{\"@type\":\"SearchAction\",\"target\":{\"@type\":\"EntryPoint\",\"urlTemplate\":\"https:\\\/\\\/unilatex.es\\\/?s={search_term_string}\"},\"query-input\":{\"@type\":\"PropertyValueSpecification\",\"valueRequired\":true,\"valueName\":\"search_term_string\"}}],\"inLanguage\":\"es\"},{\"@type\":\"Organization\",\"@id\":\"https:\\\/\\\/unilatex.es\\\/#organization\",\"name\":\"Unilatex\",\"url\":\"https:\\\/\\\/unilatex.es\\\/\",\"logo\":{\"@type\":\"ImageObject\",\"inLanguage\":\"es\",\"@id\":\"https:\\\/\\\/unilatex.es\\\/#\\\/schema\\\/logo\\\/image\\\/\",\"url\":\"https:\\\/\\\/unilatex.es\\\/wp-content\\\/uploads\\\/2024\\\/10\\\/logo-unilatex.png\",\"contentUrl\":\"https:\\\/\\\/unilatex.es\\\/wp-content\\\/uploads\\\/2024\\\/10\\\/logo-unilatex.png\",\"width\":237,\"height\":54,\"caption\":\"Unilatex\"},\"image\":{\"@id\":\"https:\\\/\\\/unilatex.es\\\/#\\\/schema\\\/logo\\\/image\\\/\"}},{\"@type\":\"Person\",\"@id\":\"https:\\\/\\\/unilatex.es\\\/#\\\/schema\\\/person\\\/0fa555dbe7c14adf7b86a6b06854cc3f\",\"name\":\"webmasterUnilatex\",\"image\":{\"@type\":\"ImageObject\",\"inLanguage\":\"es\",\"@id\":\"https:\\\/\\\/secure.gravatar.com\\\/avatar\\\/54a072751f9e21222a3568a8d2d69b4022fd6593a6c3d0e82153b1607fe75950?s=96&r=g\",\"url\":\"https:\\\/\\\/secure.gravatar.com\\\/avatar\\\/54a072751f9e21222a3568a8d2d69b4022fd6593a6c3d0e82153b1607fe75950?s=96&r=g\",\"contentUrl\":\"https:\\\/\\\/secure.gravatar.com\\\/avatar\\\/54a072751f9e21222a3568a8d2d69b4022fd6593a6c3d0e82153b1607fe75950?s=96&r=g\",\"caption\":\"webmasterUnilatex\"}}]}<\/script>\n<!-- \/ Yoast SEO plugin. -->","yoast_head_json":{"title":"Test Multipanel de drogas de abuso en saliva - Unilatex","robots":{"index":"index","follow":"follow","max-snippet":"max-snippet:-1","max-video-preview":"max-video-preview:-1","imageindex":"noimageindex"},"canonical":"https:\/\/unilatex.es\/es\/unilatex\/productos\/test-multipanel-de-drogas-de-abuso-en-saliva\/","og_locale":"es_ES","og_type":"article","og_title":"Test Multipanel de drogas de abuso en saliva - Unilatex","og_description":"Test Multipanel de drogas de abuso en saliva Basado en principios de alta especificidad inmunoqu\u00edmica. Si le interesa este producto, por favor&#8230; Contacta con nosotros Ref. 2019. Multipanel de drogas de abuso en saliva (6 par\u00e1metros). El test de detecci\u00f3n de drogas de abuso formato Multipanel en saliva es un inmunoensayo cualitiativo de flujo lateral,\u00a0que detecta la presencia de 6 tipos de droga en el esp\u00e9cimen de la saliva. El test est\u00e1 basado en principios de alta especificidad inmunoqu\u00edmica que reacciona con los anticupuerpos y los antigenes. El mecanismo del test detecta la presencia de anticuerpos monoclonales en los correspondientes metabolitos de muestras de orina humana, con una elevada sensibilidad, cercana al 100%. El nivel de detecci\u00f3n de los metabolitos ha sido desarrollado y establecido por el Instituto Nacional de Drogas de Abuso de USA: NIDA (the National Institute on Drug Abuse) para la detecci\u00f3n cualitativa de de los mismos en saliva. Nuestro test de drogas de abuso en saliva detecta 6 tipos de drogas (formato panel): Anfetaminas (AMP, Speed) Coca\u00edna (COC) Marihuana (THC, Cannabis) Metadona (MTD) Metanfetaminas (MET, \u00c9xtasis) Opi\u00e1ceos (Hero\u00edna)","og_url":"https:\/\/unilatex.es\/es\/unilatex\/productos\/test-multipanel-de-drogas-de-abuso-en-saliva\/","og_site_name":"Unilatex","article_modified_time":"2025-04-29T09:23:48+00:00","twitter_card":"summary_large_image","twitter_misc":{"Tiempo de lectura":"1 minuto"},"schema":{"@context":"https:\/\/schema.org","@graph":[{"@type":"Article","@id":"https:\/\/unilatex.es\/unilatex\/productos\/test-multipanel-de-drogas-de-abuso-en-saliva\/#article","isPartOf":{"@id":"https:\/\/unilatex.es\/es\/unilatex\/productos\/test-multipanel-de-drogas-de-abuso-en-saliva\/"},"author":{"name":"webmasterUnilatex","@id":"https:\/\/unilatex.es\/#\/schema\/person\/0fa555dbe7c14adf7b86a6b06854cc3f"},"headline":"Test Multipanel de drogas de abuso en saliva","datePublished":"2024-12-03T15:45:18+00:00","dateModified":"2025-04-29T09:23:48+00:00","mainEntityOfPage":{"@id":"https:\/\/unilatex.es\/es\/unilatex\/productos\/test-multipanel-de-drogas-de-abuso-en-saliva\/"},"wordCount":196,"publisher":{"@id":"https:\/\/unilatex.es\/#organization"},"inLanguage":"es"},{"@type":"WebPage","@id":"https:\/\/unilatex.es\/es\/unilatex\/productos\/test-multipanel-de-drogas-de-abuso-en-saliva\/","url":"https:\/\/unilatex.es\/unilatex\/productos\/test-multipanel-de-drogas-de-abuso-en-saliva\/","name":"Test Multipanel de drogas de abuso en saliva - Unilatex","isPartOf":{"@id":"https:\/\/unilatex.es\/#website"},"datePublished":"2024-12-03T15:45:18+00:00","dateModified":"2025-04-29T09:23:48+00:00","breadcrumb":{"@id":"https:\/\/unilatex.es\/unilatex\/productos\/test-multipanel-de-drogas-de-abuso-en-saliva\/#breadcrumb"},"inLanguage":"es","potentialAction":[{"@type":"ReadAction","target":["https:\/\/unilatex.es\/unilatex\/productos\/test-multipanel-de-drogas-de-abuso-en-saliva\/"]}]},{"@type":"BreadcrumbList","@id":"https:\/\/unilatex.es\/unilatex\/productos\/test-multipanel-de-drogas-de-abuso-en-saliva\/#breadcrumb","itemListElement":[{"@type":"ListItem","position":1,"name":"Home","item":"https:\/\/unilatex.es\/es\/"},{"@type":"ListItem","position":2,"name":"Inicio","item":"https:\/\/unilatex.es\/es\/"},{"@type":"ListItem","position":3,"name":"Productos","item":"https:\/\/unilatex.es\/es\/unilatex\/productos\/"},{"@type":"ListItem","position":4,"name":"Test Multipanel de drogas de abuso en saliva"}]},{"@type":"WebSite","@id":"https:\/\/unilatex.es\/#website","url":"https:\/\/unilatex.es\/","name":"Unilatex","description":"Unilatex Espa\u00f1a","publisher":{"@id":"https:\/\/unilatex.es\/#organization"},"potentialAction":[{"@type":"SearchAction","target":{"@type":"EntryPoint","urlTemplate":"https:\/\/unilatex.es\/?s={search_term_string}"},"query-input":{"@type":"PropertyValueSpecification","valueRequired":true,"valueName":"search_term_string"}}],"inLanguage":"es"},{"@type":"Organization","@id":"https:\/\/unilatex.es\/#organization","name":"Unilatex","url":"https:\/\/unilatex.es\/","logo":{"@type":"ImageObject","inLanguage":"es","@id":"https:\/\/unilatex.es\/#\/schema\/logo\/image\/","url":"https:\/\/unilatex.es\/wp-content\/uploads\/2024\/10\/logo-unilatex.png","contentUrl":"https:\/\/unilatex.es\/wp-content\/uploads\/2024\/10\/logo-unilatex.png","width":237,"height":54,"caption":"Unilatex"},"image":{"@id":"https:\/\/unilatex.es\/#\/schema\/logo\/image\/"}},{"@type":"Person","@id":"https:\/\/unilatex.es\/#\/schema\/person\/0fa555dbe7c14adf7b86a6b06854cc3f","name":"webmasterUnilatex","image":{"@type":"ImageObject","inLanguage":"es","@id":"https:\/\/secure.gravatar.com\/avatar\/54a072751f9e21222a3568a8d2d69b4022fd6593a6c3d0e82153b1607fe75950?s=96&r=g","url":"https:\/\/secure.gravatar.com\/avatar\/54a072751f9e21222a3568a8d2d69b4022fd6593a6c3d0e82153b1607fe75950?s=96&r=g","contentUrl":"https:\/\/secure.gravatar.com\/avatar\/54a072751f9e21222a3568a8d2d69b4022fd6593a6c3d0e82153b1607fe75950?s=96&r=g","caption":"webmasterUnilatex"}}]}},"_links":{"self":[{"href":"https:\/\/unilatex.es\/es\/wp-json\/wp\/v2\/pages\/869","targetHints":{"allow":["GET"]}}],"collection":[{"href":"https:\/\/unilatex.es\/es\/wp-json\/wp\/v2\/pages"}],"about":[{"href":"https:\/\/unilatex.es\/es\/wp-json\/wp\/v2\/types\/page"}],"author":[{"embeddable":true,"href":"https:\/\/unilatex.es\/es\/wp-json\/wp\/v2\/users\/2"}],"replies":[{"embeddable":true,"href":"https:\/\/unilatex.es\/es\/wp-json\/wp\/v2\/comments?post=869"}],"version-history":[{"count":16,"href":"https:\/\/unilatex.es\/es\/wp-json\/wp\/v2\/pages\/869\/revisions"}],"predecessor-version":[{"id":1948,"href":"https:\/\/unilatex.es\/es\/wp-json\/wp\/v2\/pages\/869\/revisions\/1948"}],"up":[{"embeddable":true,"href":"https:\/\/unilatex.es\/es\/wp-json\/wp\/v2\/pages\/279"}],"wp:attachment":[{"href":"https:\/\/unilatex.es\/es\/wp-json\/wp\/v2\/media?parent=869"}],"curies":[{"name":"wp","href":"https:\/\/api.w.org\/{rel}","templated":true}]}}