{"id":858,"date":"2024-12-03T17:43:58","date_gmt":"2024-12-03T15:43:58","guid":{"rendered":"https:\/\/unilatex.es\/?page_id=858"},"modified":"2025-04-29T11:23:47","modified_gmt":"2025-04-29T09:23:47","slug":"fsh-test-de-menopausia","status":"publish","type":"page","link":"https:\/\/unilatex.es\/es\/unilatex\/productos\/fsh-test-de-menopausia\/","title":{"rendered":"FSH Test de Menopausia"},"content":{"rendered":"\t\t<div data-elementor-type=\"wp-page\" data-elementor-id=\"858\" class=\"elementor elementor-858\">\n\t\t\t\t<div class=\"elementor-element elementor-element-6279d149 e-flex e-con-boxed wpr-particle-no wpr-jarallax-no wpr-parallax-no wpr-sticky-section-no wpr-column-slider-no wpr-equal-height-no e-con e-parent\" data-id=\"6279d149\" data-element_type=\"container\" data-e-type=\"container\" data-settings=\"{&quot;background_background&quot;:&quot;classic&quot;}\">\n\t\t\t\t\t<div class=\"e-con-inner\">\n\t\t<div class=\"elementor-element elementor-element-3f94e84a e-con-full e-flex wpr-particle-no wpr-jarallax-no wpr-parallax-no wpr-sticky-section-no wpr-column-slider-no wpr-equal-height-no e-con e-child\" data-id=\"3f94e84a\" data-element_type=\"container\" data-e-type=\"container\">\n\t\t<div class=\"elementor-element elementor-element-5c6f7152 e-con-full e-flex wpr-particle-no wpr-jarallax-no wpr-parallax-no wpr-sticky-section-no wpr-column-slider-no wpr-equal-height-no e-con e-child\" data-id=\"5c6f7152\" data-element_type=\"container\" data-e-type=\"container\" id=\"headerInfoBox\">\n\t\t\t\t<div class=\"elementor-element elementor-element-8c1c896 elementor-widget elementor-widget-heading\" data-id=\"8c1c896\" data-element_type=\"widget\" data-e-type=\"widget\" data-widget_type=\"heading.default\">\n\t\t\t\t<div class=\"elementor-widget-container\">\n\t\t\t\t\t<h2 class=\"elementor-heading-title elementor-size-default\">FSH Test de Menopausia<\/h2>\t\t\t\t<\/div>\n\t\t\t\t<\/div>\n\t\t\t\t<div class=\"elementor-element elementor-element-11497847 elementor-widget elementor-widget-text-editor\" data-id=\"11497847\" data-element_type=\"widget\" data-e-type=\"widget\" data-widget_type=\"text-editor.default\">\n\t\t\t\t<div class=\"elementor-widget-container\">\n\t\t\t\t\t\t\t\t\t<p>Test de uso r\u00e1pido y f\u00e1cil de interpretar.<\/p>\t\t\t\t\t\t\t\t<\/div>\n\t\t\t\t<\/div>\n\t\t\t\t<\/div>\n\t\t<div class=\"elementor-element elementor-element-5a7aff24 e-con-full e-flex wpr-particle-no wpr-jarallax-no wpr-parallax-no wpr-sticky-section-no wpr-column-slider-no wpr-equal-height-no e-con e-child\" data-id=\"5a7aff24\" data-element_type=\"container\" data-e-type=\"container\">\n\t\t\t\t<div class=\"elementor-element elementor-element-fffbf94 elementor-widget elementor-widget-heading\" data-id=\"fffbf94\" data-element_type=\"widget\" data-e-type=\"widget\" data-widget_type=\"heading.default\">\n\t\t\t\t<div class=\"elementor-widget-container\">\n\t\t\t\t\t<h4 class=\"elementor-heading-title elementor-size-default\">Si le interesa este producto, por favor...<\/h4>\t\t\t\t<\/div>\n\t\t\t\t<\/div>\n\t\t\t\t<div class=\"elementor-element elementor-element-6e967969 elementor-widget elementor-widget-button\" data-id=\"6e967969\" data-element_type=\"widget\" data-e-type=\"widget\" data-widget_type=\"button.default\">\n\t\t\t\t<div class=\"elementor-widget-container\">\n\t\t\t\t\t\t\t\t\t<div class=\"elementor-button-wrapper\">\n\t\t\t\t\t<a class=\"elementor-button elementor-button-link elementor-size-sm\" href=\"https:\/\/unilatex.es\/unilatex\/contacto\/\">\n\t\t\t\t\t\t<span class=\"elementor-button-content-wrapper\">\n\t\t\t\t\t\t\t\t\t<span class=\"elementor-button-text\">Contacta con nosotros<\/span>\n\t\t\t\t\t<\/span>\n\t\t\t\t\t<\/a>\n\t\t\t\t<\/div>\n\t\t\t\t\t\t\t\t<\/div>\n\t\t\t\t<\/div>\n\t\t\t\t<\/div>\n\t\t\t\t<\/div>\n\t\t\t\t\t<\/div>\n\t\t\t\t<\/div>\n\t\t<div class=\"elementor-element elementor-element-35123909 e-flex e-con-boxed wpr-particle-no wpr-jarallax-no wpr-parallax-no wpr-sticky-section-no wpr-column-slider-no wpr-equal-height-no e-con e-parent\" data-id=\"35123909\" data-element_type=\"container\" data-e-type=\"container\" data-settings=\"{&quot;background_background&quot;:&quot;classic&quot;}\">\n\t\t\t\t\t<div class=\"e-con-inner\">\n\t\t\t\t<div class=\"elementor-element elementor-element-17921b38 elementor-widget elementor-widget-heading\" data-id=\"17921b38\" data-element_type=\"widget\" data-e-type=\"widget\" data-widget_type=\"heading.default\">\n\t\t\t\t<div class=\"elementor-widget-container\">\n\t\t\t\t\t<h2 class=\"elementor-heading-title elementor-size-default\">FSH Test de Menopausia de uso r\u00e1pido<span style=\"color: var( --e-global-color-kadence1 );font-family: var( --e-global-typography-910bdff-font-family ), Sans-serif;font-size: var( --e-global-typography-910bdff-font-size );font-weight: var( --e-global-typography-910bdff-font-weight );text-align: var(--text-align)\"><\/span><\/h2>\t\t\t\t<\/div>\n\t\t\t\t<\/div>\n\t\t\t\t<div class=\"elementor-element elementor-element-5f21508b elementor-widget elementor-widget-text-editor\" data-id=\"5f21508b\" data-element_type=\"widget\" data-e-type=\"widget\" data-widget_type=\"text-editor.default\">\n\t\t\t\t<div class=\"elementor-widget-container\">\n\t\t\t\t\t\t\t\t\t<p>El test de menopausia detecta los niveles altos de FSH (Follicular Stimulating Hormone) en la orina, es decir, si una mujer puede haber entrado en la menopausia.<\/p><p>La menopausia es la \u00e9poca de la vida de una mujer cuando la menstruaci\u00f3n cesa. Normalmente es un proceso gradual, los ovarios comienzan a producir menores cantidades de hormonas. Las cantidades reducidas de hormonas hacen que los per\u00edodos menstruales se vuelvan irregulares y finalmente cesen completamente. Los cambios hormonales con frecuencia causan otros s\u00edntomas. La menopausia puede ocurrir tambi\u00e9n cuando los ovarios se extirpan quir\u00fargicamente.<\/p><p>La menopausia normalmente ocurre entre los 45 y 60 a\u00f1os de edad. Los s\u00edntomas pueden ser f\u00edsicos y psicol\u00f3gicos y durar unas pocas semanas, unos pocos meses o, a veces, varios a\u00f1os. Sus s\u00edntomas pueden aparecer y desaparecer o pueden ocurrir regularmente.<\/p><p>El uso del test de menopausia es r\u00e1pido y f\u00e1cil de interpretar. Si la banda del test aparece y es mas oscura que la banda de control, quiere decir que la muestra es mayor a 25 mlU\/ml y por tanto indica situaci\u00f3n de menopausia. Por el contrario, si la banda del test no aparece o es mas clara que la banda de control, entonces la concentraci\u00f3n de FSH en la muestra es menor a 25 mlU\/ml, y por tanto indica situaci\u00f3n de normalidad.<\/p><p>Nuestra empresa se dedica a la importaci\u00f3n de marcas blancas para terceros (Laboratorios, empresas comercializadoras de productos sanitarios, etc\u2026) de test de menopausia.<\/p>\t\t\t\t\t\t\t\t<\/div>\n\t\t\t\t<\/div>\n\t\t\t\t<div class=\"elementor-element elementor-element-9d40270 elementor-widget elementor-widget-heading\" data-id=\"9d40270\" data-element_type=\"widget\" data-e-type=\"widget\" data-widget_type=\"heading.default\">\n\t\t\t\t<div class=\"elementor-widget-container\">\n\t\t\t\t\t<h2 class=\"elementor-heading-title elementor-size-default\">Caracter\u00edsticas:<\/h2>\t\t\t\t<\/div>\n\t\t\t\t<\/div>\n\t\t\t\t<div class=\"elementor-element elementor-element-06d8c42 elementor-widget elementor-widget-text-editor\" data-id=\"06d8c42\" data-element_type=\"widget\" data-e-type=\"widget\" data-widget_type=\"text-editor.default\">\n\t\t\t\t<div class=\"elementor-widget-container\">\n\t\t\t\t\t\t\t\t\t<ul><li><b>Certificaci\u00f3n:<\/b>\u00a0CE<\/li><li><b>Tiempo de resultado:<\/b>\u00a045 segundos<\/li><li><b>Sensibilidad:<\/b>\u00a025 mlU<\/li><li><b>Precisi\u00f3n:<\/b>\u00a099,98%<\/li><li><b>Embalaje disponible:<\/b><\/li><li>Embalaje para uso profesional: Cajas de 25 (cassette) y 100 (tira). Para hospitales, gobiernos, ong\u00b4s, etc.<\/li><li>Embalaje individual para autodiagn\u00f3stico: En cajas de 2 unidades.<\/li><li><b>Venta:<\/b>\u00a0En Espa\u00f1a: Venta exclusiva en farmacias. En el resto de la Uni\u00f3n Europea: venta en diversos canales: Farmacias, supermercados, etc<\/li><li><b>Formatos disponibles:<\/b>\u00a0Tira, Cassette y Midstream.<\/li><\/ul>\t\t\t\t\t\t\t\t<\/div>\n\t\t\t\t<\/div>\n\t\t\t\t\t<\/div>\n\t\t\t\t<\/div>\n\t\t<div class=\"elementor-element elementor-element-1a5a7edd e-flex e-con-boxed wpr-particle-no wpr-jarallax-no wpr-parallax-no wpr-sticky-section-no wpr-column-slider-no wpr-equal-height-no e-con e-parent\" data-id=\"1a5a7edd\" data-element_type=\"container\" data-e-type=\"container\">\n\t\t\t\t\t<div class=\"e-con-inner\">\n\t\t\t\t<div class=\"elementor-element elementor-element-73be1530 elementor-widget-divider--view-line elementor-widget elementor-widget-divider\" data-id=\"73be1530\" data-element_type=\"widget\" data-e-type=\"widget\" data-widget_type=\"divider.default\">\n\t\t\t\t<div class=\"elementor-widget-container\">\n\t\t\t\t\t\t\t<div class=\"elementor-divider\">\n\t\t\t<span class=\"elementor-divider-separator\">\n\t\t\t\t\t\t<\/span>\n\t\t<\/div>\n\t\t\t\t\t\t<\/div>\n\t\t\t\t<\/div>\n\t\t\t\t\t<\/div>\n\t\t\t\t<\/div>\n\t\t\t\t<\/div>\n\t\t","protected":false},"excerpt":{"rendered":"<p>FSH Test de Menopausia Test de uso r\u00e1pido y f\u00e1cil de interpretar. Si le interesa este producto, por favor&#8230; Contacta con nosotros FSH Test de Menopausia de uso r\u00e1pido El test de menopausia detecta los niveles altos de FSH (Follicular Stimulating Hormone) en la orina, es decir, si una mujer puede haber entrado en la menopausia. La menopausia es la \u00e9poca de la vida de una mujer cuando la menstruaci\u00f3n cesa. Normalmente es un proceso gradual, los ovarios comienzan a producir menores cantidades de hormonas. Las cantidades reducidas de hormonas hacen que los per\u00edodos menstruales se vuelvan irregulares y finalmente cesen completamente. Los cambios hormonales con frecuencia causan otros s\u00edntomas. La menopausia puede ocurrir tambi\u00e9n cuando los ovarios se extirpan quir\u00fargicamente. La menopausia normalmente ocurre entre los 45 y 60 a\u00f1os de edad. Los s\u00edntomas pueden ser f\u00edsicos y psicol\u00f3gicos y durar unas pocas semanas, unos pocos meses o, a veces, varios a\u00f1os. Sus s\u00edntomas pueden aparecer y desaparecer o pueden ocurrir regularmente. El uso del test de menopausia es r\u00e1pido y f\u00e1cil de interpretar. Si la banda del test aparece y es mas oscura que la banda de control, quiere decir que la muestra es mayor a 25 mlU\/ml y por tanto indica situaci\u00f3n de menopausia. Por el contrario, si la banda del test no aparece o es mas clara que la banda de control, entonces la concentraci\u00f3n de FSH en la muestra es menor a 25 mlU\/ml, y por tanto indica situaci\u00f3n de normalidad. Nuestra empresa se dedica a la importaci\u00f3n de marcas blancas para terceros (Laboratorios, empresas comercializadoras de productos sanitarios, etc\u2026) de test de menopausia. Caracter\u00edsticas: Certificaci\u00f3n:\u00a0CE Tiempo de resultado:\u00a045 segundos Sensibilidad:\u00a025 mlU Precisi\u00f3n:\u00a099,98% Embalaje disponible: Embalaje para uso profesional: Cajas de 25 (cassette) y 100 (tira). Para hospitales, gobiernos, ong\u00b4s, etc. Embalaje individual para autodiagn\u00f3stico: En cajas de 2 unidades. Venta:\u00a0En Espa\u00f1a: Venta exclusiva en farmacias. En el resto de la Uni\u00f3n Europea: venta en diversos canales: Farmacias, supermercados, etc Formatos disponibles:\u00a0Tira, Cassette y Midstream.<\/p>\n","protected":false},"author":2,"featured_media":0,"parent":279,"menu_order":2,"comment_status":"closed","ping_status":"closed","template":"","meta":{"footnotes":""},"class_list":["post-858","page","type-page","status-publish","hentry"],"yoast_head":"<!-- This site is optimized with the Yoast SEO plugin v27.5 - https:\/\/yoast.com\/product\/yoast-seo-wordpress\/ -->\n<title>FSH Test de Menopausia - Unilatex<\/title>\n<meta name=\"robots\" content=\"index, follow, max-snippet:-1, max-video-preview:-1, noimageindex\" \/>\n<link rel=\"canonical\" href=\"https:\/\/unilatex.es\/es\/unilatex\/productos\/fsh-test-de-menopausia\/\" \/>\n<meta property=\"og:locale\" content=\"es_ES\" \/>\n<meta property=\"og:type\" content=\"article\" \/>\n<meta property=\"og:title\" content=\"FSH Test de Menopausia - Unilatex\" \/>\n<meta property=\"og:description\" content=\"FSH Test de Menopausia Test de uso r\u00e1pido y f\u00e1cil de interpretar. Si le interesa este producto, por favor&#8230; Contacta con nosotros FSH Test de Menopausia de uso r\u00e1pido El test de menopausia detecta los niveles altos de FSH (Follicular Stimulating Hormone) en la orina, es decir, si una mujer puede haber entrado en la menopausia. La menopausia es la \u00e9poca de la vida de una mujer cuando la menstruaci\u00f3n cesa. Normalmente es un proceso gradual, los ovarios comienzan a producir menores cantidades de hormonas. Las cantidades reducidas de hormonas hacen que los per\u00edodos menstruales se vuelvan irregulares y finalmente cesen completamente. Los cambios hormonales con frecuencia causan otros s\u00edntomas. La menopausia puede ocurrir tambi\u00e9n cuando los ovarios se extirpan quir\u00fargicamente. La menopausia normalmente ocurre entre los 45 y 60 a\u00f1os de edad. Los s\u00edntomas pueden ser f\u00edsicos y psicol\u00f3gicos y durar unas pocas semanas, unos pocos meses o, a veces, varios a\u00f1os. Sus s\u00edntomas pueden aparecer y desaparecer o pueden ocurrir regularmente. El uso del test de menopausia es r\u00e1pido y f\u00e1cil de interpretar. Si la banda del test aparece y es mas oscura que la banda de control, quiere decir que la muestra es mayor a 25 mlU\/ml y por tanto indica situaci\u00f3n de menopausia. Por el contrario, si la banda del test no aparece o es mas clara que la banda de control, entonces la concentraci\u00f3n de FSH en la muestra es menor a 25 mlU\/ml, y por tanto indica situaci\u00f3n de normalidad. Nuestra empresa se dedica a la importaci\u00f3n de marcas blancas para terceros (Laboratorios, empresas comercializadoras de productos sanitarios, etc\u2026) de test de menopausia. Caracter\u00edsticas: Certificaci\u00f3n:\u00a0CE Tiempo de resultado:\u00a045 segundos Sensibilidad:\u00a025 mlU Precisi\u00f3n:\u00a099,98% Embalaje disponible: Embalaje para uso profesional: Cajas de 25 (cassette) y 100 (tira). Para hospitales, gobiernos, ong\u00b4s, etc. Embalaje individual para autodiagn\u00f3stico: En cajas de 2 unidades. Venta:\u00a0En Espa\u00f1a: Venta exclusiva en farmacias. En el resto de la Uni\u00f3n Europea: venta en diversos canales: Farmacias, supermercados, etc Formatos disponibles:\u00a0Tira, Cassette y Midstream.\" \/>\n<meta property=\"og:url\" content=\"https:\/\/unilatex.es\/es\/unilatex\/productos\/fsh-test-de-menopausia\/\" \/>\n<meta property=\"og:site_name\" content=\"Unilatex\" \/>\n<meta property=\"article:modified_time\" content=\"2025-04-29T09:23:47+00:00\" \/>\n<meta name=\"twitter:card\" content=\"summary_large_image\" \/>\n<meta name=\"twitter:label1\" content=\"Tiempo de lectura\" \/>\n\t<meta name=\"twitter:data1\" content=\"2 minutos\" \/>\n<script type=\"application\/ld+json\" class=\"yoast-schema-graph\">{\"@context\":\"https:\\\/\\\/schema.org\",\"@graph\":[{\"@type\":\"Article\",\"@id\":\"https:\\\/\\\/unilatex.es\\\/unilatex\\\/productos\\\/fsh-test-de-menopausia\\\/#article\",\"isPartOf\":{\"@id\":\"https:\\\/\\\/unilatex.es\\\/es\\\/unilatex\\\/productos\\\/fsh-test-de-menopausia\\\/\"},\"author\":{\"name\":\"webmasterUnilatex\",\"@id\":\"https:\\\/\\\/unilatex.es\\\/#\\\/schema\\\/person\\\/0fa555dbe7c14adf7b86a6b06854cc3f\"},\"headline\":\"FSH Test de Menopausia\",\"datePublished\":\"2024-12-03T15:43:58+00:00\",\"dateModified\":\"2025-04-29T09:23:47+00:00\",\"mainEntityOfPage\":{\"@id\":\"https:\\\/\\\/unilatex.es\\\/es\\\/unilatex\\\/productos\\\/fsh-test-de-menopausia\\\/\"},\"wordCount\":359,\"publisher\":{\"@id\":\"https:\\\/\\\/unilatex.es\\\/#organization\"},\"inLanguage\":\"es\"},{\"@type\":[\"WebPage\",\"ItemPage\"],\"@id\":\"https:\\\/\\\/unilatex.es\\\/es\\\/unilatex\\\/productos\\\/fsh-test-de-menopausia\\\/\",\"url\":\"https:\\\/\\\/unilatex.es\\\/unilatex\\\/productos\\\/fsh-test-de-menopausia\\\/\",\"name\":\"FSH Test de Menopausia - Unilatex\",\"isPartOf\":{\"@id\":\"https:\\\/\\\/unilatex.es\\\/#website\"},\"datePublished\":\"2024-12-03T15:43:58+00:00\",\"dateModified\":\"2025-04-29T09:23:47+00:00\",\"breadcrumb\":{\"@id\":\"https:\\\/\\\/unilatex.es\\\/unilatex\\\/productos\\\/fsh-test-de-menopausia\\\/#breadcrumb\"},\"inLanguage\":\"es\",\"potentialAction\":[{\"@type\":\"ReadAction\",\"target\":[\"https:\\\/\\\/unilatex.es\\\/unilatex\\\/productos\\\/fsh-test-de-menopausia\\\/\"]}]},{\"@type\":\"BreadcrumbList\",\"@id\":\"https:\\\/\\\/unilatex.es\\\/unilatex\\\/productos\\\/fsh-test-de-menopausia\\\/#breadcrumb\",\"itemListElement\":[{\"@type\":\"ListItem\",\"position\":1,\"name\":\"Home\",\"item\":\"https:\\\/\\\/unilatex.es\\\/es\\\/\"},{\"@type\":\"ListItem\",\"position\":2,\"name\":\"Inicio\",\"item\":\"https:\\\/\\\/unilatex.es\\\/es\\\/\"},{\"@type\":\"ListItem\",\"position\":3,\"name\":\"Productos\",\"item\":\"https:\\\/\\\/unilatex.es\\\/es\\\/unilatex\\\/productos\\\/\"},{\"@type\":\"ListItem\",\"position\":4,\"name\":\"FSH Test de menopausia\"}]},{\"@type\":\"WebSite\",\"@id\":\"https:\\\/\\\/unilatex.es\\\/#website\",\"url\":\"https:\\\/\\\/unilatex.es\\\/\",\"name\":\"Unilatex\",\"description\":\"Unilatex Espa\u00f1a\",\"publisher\":{\"@id\":\"https:\\\/\\\/unilatex.es\\\/#organization\"},\"potentialAction\":[{\"@type\":\"SearchAction\",\"target\":{\"@type\":\"EntryPoint\",\"urlTemplate\":\"https:\\\/\\\/unilatex.es\\\/?s={search_term_string}\"},\"query-input\":{\"@type\":\"PropertyValueSpecification\",\"valueRequired\":true,\"valueName\":\"search_term_string\"}}],\"inLanguage\":\"es\"},{\"@type\":\"Organization\",\"@id\":\"https:\\\/\\\/unilatex.es\\\/#organization\",\"name\":\"Unilatex\",\"url\":\"https:\\\/\\\/unilatex.es\\\/\",\"logo\":{\"@type\":\"ImageObject\",\"inLanguage\":\"es\",\"@id\":\"https:\\\/\\\/unilatex.es\\\/#\\\/schema\\\/logo\\\/image\\\/\",\"url\":\"https:\\\/\\\/unilatex.es\\\/wp-content\\\/uploads\\\/2024\\\/10\\\/logo-unilatex.png\",\"contentUrl\":\"https:\\\/\\\/unilatex.es\\\/wp-content\\\/uploads\\\/2024\\\/10\\\/logo-unilatex.png\",\"width\":237,\"height\":54,\"caption\":\"Unilatex\"},\"image\":{\"@id\":\"https:\\\/\\\/unilatex.es\\\/#\\\/schema\\\/logo\\\/image\\\/\"}},{\"@type\":\"Person\",\"@id\":\"https:\\\/\\\/unilatex.es\\\/#\\\/schema\\\/person\\\/0fa555dbe7c14adf7b86a6b06854cc3f\",\"name\":\"webmasterUnilatex\",\"image\":{\"@type\":\"ImageObject\",\"inLanguage\":\"es\",\"@id\":\"https:\\\/\\\/secure.gravatar.com\\\/avatar\\\/54a072751f9e21222a3568a8d2d69b4022fd6593a6c3d0e82153b1607fe75950?s=96&r=g\",\"url\":\"https:\\\/\\\/secure.gravatar.com\\\/avatar\\\/54a072751f9e21222a3568a8d2d69b4022fd6593a6c3d0e82153b1607fe75950?s=96&r=g\",\"contentUrl\":\"https:\\\/\\\/secure.gravatar.com\\\/avatar\\\/54a072751f9e21222a3568a8d2d69b4022fd6593a6c3d0e82153b1607fe75950?s=96&r=g\",\"caption\":\"webmasterUnilatex\"}}]}<\/script>\n<!-- \/ Yoast SEO plugin. -->","yoast_head_json":{"title":"FSH Test de Menopausia - Unilatex","robots":{"index":"index","follow":"follow","max-snippet":"max-snippet:-1","max-video-preview":"max-video-preview:-1","imageindex":"noimageindex"},"canonical":"https:\/\/unilatex.es\/es\/unilatex\/productos\/fsh-test-de-menopausia\/","og_locale":"es_ES","og_type":"article","og_title":"FSH Test de Menopausia - Unilatex","og_description":"FSH Test de Menopausia Test de uso r\u00e1pido y f\u00e1cil de interpretar. Si le interesa este producto, por favor&#8230; Contacta con nosotros FSH Test de Menopausia de uso r\u00e1pido El test de menopausia detecta los niveles altos de FSH (Follicular Stimulating Hormone) en la orina, es decir, si una mujer puede haber entrado en la menopausia. La menopausia es la \u00e9poca de la vida de una mujer cuando la menstruaci\u00f3n cesa. Normalmente es un proceso gradual, los ovarios comienzan a producir menores cantidades de hormonas. Las cantidades reducidas de hormonas hacen que los per\u00edodos menstruales se vuelvan irregulares y finalmente cesen completamente. Los cambios hormonales con frecuencia causan otros s\u00edntomas. La menopausia puede ocurrir tambi\u00e9n cuando los ovarios se extirpan quir\u00fargicamente. La menopausia normalmente ocurre entre los 45 y 60 a\u00f1os de edad. Los s\u00edntomas pueden ser f\u00edsicos y psicol\u00f3gicos y durar unas pocas semanas, unos pocos meses o, a veces, varios a\u00f1os. Sus s\u00edntomas pueden aparecer y desaparecer o pueden ocurrir regularmente. El uso del test de menopausia es r\u00e1pido y f\u00e1cil de interpretar. Si la banda del test aparece y es mas oscura que la banda de control, quiere decir que la muestra es mayor a 25 mlU\/ml y por tanto indica situaci\u00f3n de menopausia. Por el contrario, si la banda del test no aparece o es mas clara que la banda de control, entonces la concentraci\u00f3n de FSH en la muestra es menor a 25 mlU\/ml, y por tanto indica situaci\u00f3n de normalidad. Nuestra empresa se dedica a la importaci\u00f3n de marcas blancas para terceros (Laboratorios, empresas comercializadoras de productos sanitarios, etc\u2026) de test de menopausia. Caracter\u00edsticas: Certificaci\u00f3n:\u00a0CE Tiempo de resultado:\u00a045 segundos Sensibilidad:\u00a025 mlU Precisi\u00f3n:\u00a099,98% Embalaje disponible: Embalaje para uso profesional: Cajas de 25 (cassette) y 100 (tira). Para hospitales, gobiernos, ong\u00b4s, etc. Embalaje individual para autodiagn\u00f3stico: En cajas de 2 unidades. Venta:\u00a0En Espa\u00f1a: Venta exclusiva en farmacias. En el resto de la Uni\u00f3n Europea: venta en diversos canales: Farmacias, supermercados, etc Formatos disponibles:\u00a0Tira, Cassette y Midstream.","og_url":"https:\/\/unilatex.es\/es\/unilatex\/productos\/fsh-test-de-menopausia\/","og_site_name":"Unilatex","article_modified_time":"2025-04-29T09:23:47+00:00","twitter_card":"summary_large_image","twitter_misc":{"Tiempo de lectura":"2 minutos"},"schema":{"@context":"https:\/\/schema.org","@graph":[{"@type":"Article","@id":"https:\/\/unilatex.es\/unilatex\/productos\/fsh-test-de-menopausia\/#article","isPartOf":{"@id":"https:\/\/unilatex.es\/es\/unilatex\/productos\/fsh-test-de-menopausia\/"},"author":{"name":"webmasterUnilatex","@id":"https:\/\/unilatex.es\/#\/schema\/person\/0fa555dbe7c14adf7b86a6b06854cc3f"},"headline":"FSH Test de Menopausia","datePublished":"2024-12-03T15:43:58+00:00","dateModified":"2025-04-29T09:23:47+00:00","mainEntityOfPage":{"@id":"https:\/\/unilatex.es\/es\/unilatex\/productos\/fsh-test-de-menopausia\/"},"wordCount":359,"publisher":{"@id":"https:\/\/unilatex.es\/#organization"},"inLanguage":"es"},{"@type":["WebPage","ItemPage"],"@id":"https:\/\/unilatex.es\/es\/unilatex\/productos\/fsh-test-de-menopausia\/","url":"https:\/\/unilatex.es\/unilatex\/productos\/fsh-test-de-menopausia\/","name":"FSH Test de Menopausia - Unilatex","isPartOf":{"@id":"https:\/\/unilatex.es\/#website"},"datePublished":"2024-12-03T15:43:58+00:00","dateModified":"2025-04-29T09:23:47+00:00","breadcrumb":{"@id":"https:\/\/unilatex.es\/unilatex\/productos\/fsh-test-de-menopausia\/#breadcrumb"},"inLanguage":"es","potentialAction":[{"@type":"ReadAction","target":["https:\/\/unilatex.es\/unilatex\/productos\/fsh-test-de-menopausia\/"]}]},{"@type":"BreadcrumbList","@id":"https:\/\/unilatex.es\/unilatex\/productos\/fsh-test-de-menopausia\/#breadcrumb","itemListElement":[{"@type":"ListItem","position":1,"name":"Home","item":"https:\/\/unilatex.es\/es\/"},{"@type":"ListItem","position":2,"name":"Inicio","item":"https:\/\/unilatex.es\/es\/"},{"@type":"ListItem","position":3,"name":"Productos","item":"https:\/\/unilatex.es\/es\/unilatex\/productos\/"},{"@type":"ListItem","position":4,"name":"FSH Test de menopausia"}]},{"@type":"WebSite","@id":"https:\/\/unilatex.es\/#website","url":"https:\/\/unilatex.es\/","name":"Unilatex","description":"Unilatex Espa\u00f1a","publisher":{"@id":"https:\/\/unilatex.es\/#organization"},"potentialAction":[{"@type":"SearchAction","target":{"@type":"EntryPoint","urlTemplate":"https:\/\/unilatex.es\/?s={search_term_string}"},"query-input":{"@type":"PropertyValueSpecification","valueRequired":true,"valueName":"search_term_string"}}],"inLanguage":"es"},{"@type":"Organization","@id":"https:\/\/unilatex.es\/#organization","name":"Unilatex","url":"https:\/\/unilatex.es\/","logo":{"@type":"ImageObject","inLanguage":"es","@id":"https:\/\/unilatex.es\/#\/schema\/logo\/image\/","url":"https:\/\/unilatex.es\/wp-content\/uploads\/2024\/10\/logo-unilatex.png","contentUrl":"https:\/\/unilatex.es\/wp-content\/uploads\/2024\/10\/logo-unilatex.png","width":237,"height":54,"caption":"Unilatex"},"image":{"@id":"https:\/\/unilatex.es\/#\/schema\/logo\/image\/"}},{"@type":"Person","@id":"https:\/\/unilatex.es\/#\/schema\/person\/0fa555dbe7c14adf7b86a6b06854cc3f","name":"webmasterUnilatex","image":{"@type":"ImageObject","inLanguage":"es","@id":"https:\/\/secure.gravatar.com\/avatar\/54a072751f9e21222a3568a8d2d69b4022fd6593a6c3d0e82153b1607fe75950?s=96&r=g","url":"https:\/\/secure.gravatar.com\/avatar\/54a072751f9e21222a3568a8d2d69b4022fd6593a6c3d0e82153b1607fe75950?s=96&r=g","contentUrl":"https:\/\/secure.gravatar.com\/avatar\/54a072751f9e21222a3568a8d2d69b4022fd6593a6c3d0e82153b1607fe75950?s=96&r=g","caption":"webmasterUnilatex"}}]}},"_links":{"self":[{"href":"https:\/\/unilatex.es\/es\/wp-json\/wp\/v2\/pages\/858","targetHints":{"allow":["GET"]}}],"collection":[{"href":"https:\/\/unilatex.es\/es\/wp-json\/wp\/v2\/pages"}],"about":[{"href":"https:\/\/unilatex.es\/es\/wp-json\/wp\/v2\/types\/page"}],"author":[{"embeddable":true,"href":"https:\/\/unilatex.es\/es\/wp-json\/wp\/v2\/users\/2"}],"replies":[{"embeddable":true,"href":"https:\/\/unilatex.es\/es\/wp-json\/wp\/v2\/comments?post=858"}],"version-history":[{"count":31,"href":"https:\/\/unilatex.es\/es\/wp-json\/wp\/v2\/pages\/858\/revisions"}],"predecessor-version":[{"id":1912,"href":"https:\/\/unilatex.es\/es\/wp-json\/wp\/v2\/pages\/858\/revisions\/1912"}],"up":[{"embeddable":true,"href":"https:\/\/unilatex.es\/es\/wp-json\/wp\/v2\/pages\/279"}],"wp:attachment":[{"href":"https:\/\/unilatex.es\/es\/wp-json\/wp\/v2\/media?parent=858"}],"curies":[{"name":"wp","href":"https:\/\/api.w.org\/{rel}","templated":true}]}}