{"id":36,"date":"2024-12-03T17:42:30","date_gmt":"2024-12-03T15:42:30","guid":{"rendered":"https:\/\/unilatex.es\/?page_id=36"},"modified":"2025-06-17T15:29:20","modified_gmt":"2025-06-17T13:29:20","slug":"nuestra-empresa","status":"publish","type":"page","link":"https:\/\/unilatex.es\/es\/unilatex\/nuestra-empresa\/","title":{"rendered":"Nuestra empresa"},"content":{"rendered":"\t\t<div data-elementor-type=\"wp-page\" data-elementor-id=\"36\" class=\"elementor elementor-36\">\n\t\t\t\t<div class=\"elementor-element elementor-element-e33a10a e-flex e-con-boxed wpr-particle-no wpr-jarallax-no wpr-parallax-no wpr-sticky-section-no wpr-column-slider-no wpr-equal-height-no e-con e-parent\" data-id=\"e33a10a\" data-element_type=\"container\" data-e-type=\"container\" data-settings=\"{&quot;background_background&quot;:&quot;classic&quot;}\">\n\t\t\t\t\t<div class=\"e-con-inner\">\n\t\t\t\t<div class=\"elementor-element elementor-element-f33ed44 elementor-widget elementor-widget-heading\" data-id=\"f33ed44\" data-element_type=\"widget\" data-e-type=\"widget\" data-widget_type=\"heading.default\">\n\t\t\t\t<div class=\"elementor-widget-container\">\n\t\t\t\t\t<h1 class=\"elementor-heading-title elementor-size-default\">Nuestra empresa<\/h1>\t\t\t\t<\/div>\n\t\t\t\t<\/div>\n\t\t\t\t<div class=\"elementor-element elementor-element-4725aff elementor-widget elementor-widget-heading\" data-id=\"4725aff\" data-element_type=\"widget\" data-e-type=\"widget\" data-widget_type=\"heading.default\">\n\t\t\t\t<div class=\"elementor-widget-container\">\n\t\t\t\t\t<h2 class=\"elementor-heading-title elementor-size-default\">Mejorando la calidad de vida de la poblaci\u00f3n mundial<\/h2>\t\t\t\t<\/div>\n\t\t\t\t<\/div>\n\t\t\t\t\t<\/div>\n\t\t\t\t<\/div>\n\t\t<div class=\"elementor-element elementor-element-d6cc741 e-flex e-con-boxed wpr-particle-no wpr-jarallax-no wpr-parallax-no wpr-sticky-section-no wpr-column-slider-no wpr-equal-height-no e-con e-parent\" data-id=\"d6cc741\" data-element_type=\"container\" data-e-type=\"container\">\n\t\t\t\t\t<div class=\"e-con-inner\">\n\t\t\t\t<div class=\"elementor-element elementor-element-9da237b elementor-widget elementor-widget-image\" data-id=\"9da237b\" data-element_type=\"widget\" data-e-type=\"widget\" data-widget_type=\"image.default\">\n\t\t\t\t<div class=\"elementor-widget-container\">\n\t\t\t\t\t\t\t\t\t\t\t\t\t\t\t<img fetchpriority=\"high\" decoding=\"async\" width=\"1100\" height=\"337\" src=\"https:\/\/unilatex.es\/wp-content\/uploads\/2024\/10\/about-us.jpg\" class=\"attachment-full size-full wp-image-368\" alt=\"\" srcset=\"https:\/\/unilatex.es\/wp-content\/uploads\/2024\/10\/about-us.jpg 1100w, https:\/\/unilatex.es\/wp-content\/uploads\/2024\/10\/about-us-300x92.jpg 300w, https:\/\/unilatex.es\/wp-content\/uploads\/2024\/10\/about-us-1024x314.jpg 1024w, https:\/\/unilatex.es\/wp-content\/uploads\/2024\/10\/about-us-768x235.jpg 768w\" sizes=\"(max-width: 1100px) 100vw, 1100px\" \/>\t\t\t\t\t\t\t\t\t\t\t\t\t\t\t<\/div>\n\t\t\t\t<\/div>\n\t\t\t\t\t<\/div>\n\t\t\t\t<\/div>\n\t\t<div class=\"elementor-element elementor-element-3a72da2 e-flex e-con-boxed wpr-particle-no wpr-jarallax-no wpr-parallax-no wpr-sticky-section-no wpr-column-slider-no wpr-equal-height-no e-con e-parent\" data-id=\"3a72da2\" data-element_type=\"container\" data-e-type=\"container\">\n\t\t\t\t\t<div class=\"e-con-inner\">\n\t\t\t\t<div class=\"elementor-element elementor-element-9befc6f elementor-widget elementor-widget-text-editor\" data-id=\"9befc6f\" data-element_type=\"widget\" data-e-type=\"widget\" data-widget_type=\"text-editor.default\">\n\t\t\t\t<div class=\"elementor-widget-container\">\n\t\t\t\t\t\t\t\t\t<p>Nuestra empresa,\u00a0<strong>Vidalatex S.L.<\/strong>, es la representante en exclusiva de los productos <strong>Unilatex<\/strong>\u00a0para Espa\u00f1a y Portugal. <strong>Unilatex<\/strong>, fue fundada a principios del siglo XXI y cuenta con un rango importante de <strong>productos punteros en el campo sanitario<\/strong> y con excelentes acuerdos globales de fabricaci\u00f3n con empresas del sector, lo que garantiza una competitividad en calidad y precio muy ventajosa para nuestros clientes distribuidores en los mercados internacionales.<\/p>\t\t\t\t\t\t\t\t<\/div>\n\t\t\t\t<\/div>\n\t\t\t\t<div class=\"elementor-element elementor-element-5595a78 elementor-widget elementor-widget-heading\" data-id=\"5595a78\" data-element_type=\"widget\" data-e-type=\"widget\" data-widget_type=\"heading.default\">\n\t\t\t\t<div class=\"elementor-widget-container\">\n\t\t\t\t\t<h3 class=\"elementor-heading-title elementor-size-default\">Unilatex es una marca registrada (Clase 10) en Europa y Estados Unidos.<\/h3>\t\t\t\t<\/div>\n\t\t\t\t<\/div>\n\t\t\t\t<div class=\"elementor-element elementor-element-1d4d374 elementor-widget elementor-widget-text-editor\" data-id=\"1d4d374\" data-element_type=\"widget\" data-e-type=\"widget\" data-widget_type=\"text-editor.default\">\n\t\t\t\t<div class=\"elementor-widget-container\">\n\t\t\t\t\t\t\t\t\t<p><b>Hemos logrado distribuir unos productos con coste bajo y calidad altamente reconocidas mundialmente,<\/b> lo que ha hecho que nuestro grupo sea un reconocido exportador e importador de productos en el \u00e1mbito sanitario a nivel internacional:<\/p>\n<ul>\n<li>Compra-venta<\/li>\n<li>Importaci\u00f3n-exportaci\u00f3n<\/li>\n<li>Comercializaci\u00f3n y distribuci\u00f3n de preservativos, test de diagn\u00f3stico y de todo tipo de productos sanitarios<\/li>\n<li>Productos er\u00f3ticos<\/li>\n<li>M\u00e1quinas expendedoras de productos vending<\/li>\n<\/ul>\n<p>Con el objetivo de ofrecer la provisi\u00f3n a programas internacionales en el \u00e1rea de Planificaci\u00f3n Familiar, <b>nuestro grupo ofrece preservativos de la m\u00e1s alta calidad <\/b>a unos precios muy competitivos para m\u00e1quinas vending, venta al por mayor, organismos p\u00fablicos e instituciones, y distribuci\u00f3n internacional.<\/p>\n<p><strong>Nuestros preservativos son elaborados mediante la combinaci\u00f3n del mejor l\u00e1tex del planeta, en Malasia<\/strong>, junto con la \u00faltima tecnolog\u00eda alemana de vanguardia, de \u00abdefecto cero\u00bb. Asimismo, <strong>cumplen todas las normas internacionales de calidad<\/strong> (fabricaci\u00f3n siguiendo la normativa ISO), integran el marcado CE, habiendo tambi\u00e9n sido aprobados por el FDA de Estados Unidos.<\/p>\n<p><strong>Por otro lado, las enfermedades ven\u00e9reas deben detectarse una vez que los anticuerpos han entrado en el ser humano<\/strong>. Para ello, hemos puesto \u00e9nfasis en el desarrollo de mecanismos de detecci\u00f3n de estas enfermedades, a trav\u00e9s de nuestros test de diagn\u00f3stico in vitro, subcontratamos la producci\u00f3n en f\u00e1bricas con certificaci\u00f3n ISO 13485:2013. En su mayor\u00eda, disponen de marcado CE, unos para uso profesional y otros para autodiagn\u00f3stico, siguiendo la Directiva Europea de Diagn\u00f3stico in Vitro 98\/79).<\/p>\n<p>La salud es algo demasiado importante para la vida de un individuo, pues si una persona tiene plena salud f\u00edsica y mental, las posibilidades de relacionarse con el entorno son extraordinarias y, por ello, la capacidad de \u00e9xito en sus logros es mucho mayor. <b>Nosotros contribuimos de esta forma a hacer la vida mucho m\u00e1s f\u00e1cil para Vd<\/b>.<\/p>\t\t\t\t\t\t\t\t<\/div>\n\t\t\t\t<\/div>\n\t\t\t\t<div class=\"elementor-element elementor-element-918973a elementor-widget elementor-widget-heading\" data-id=\"918973a\" data-element_type=\"widget\" data-e-type=\"widget\" data-widget_type=\"heading.default\">\n\t\t\t\t<div class=\"elementor-widget-container\">\n\t\t\t\t\t<h2 class=\"elementor-heading-title elementor-size-default\">Muchas gracias por el uso de nuestra gama de productos.<\/h2>\t\t\t\t<\/div>\n\t\t\t\t<\/div>\n\t\t\t\t\t<\/div>\n\t\t\t\t<\/div>\n\t\t<div class=\"elementor-element elementor-element-e32e6df e-flex e-con-boxed wpr-particle-no wpr-jarallax-no wpr-parallax-no wpr-sticky-section-no wpr-column-slider-no wpr-equal-height-no e-con e-parent\" data-id=\"e32e6df\" data-element_type=\"container\" data-e-type=\"container\">\n\t\t\t\t\t<div class=\"e-con-inner\">\n\t\t\t\t<div class=\"elementor-element elementor-element-7eb75e4 elementor-widget-divider--view-line elementor-widget elementor-widget-divider\" data-id=\"7eb75e4\" data-element_type=\"widget\" data-e-type=\"widget\" data-widget_type=\"divider.default\">\n\t\t\t\t<div class=\"elementor-widget-container\">\n\t\t\t\t\t\t\t<div class=\"elementor-divider\">\n\t\t\t<span class=\"elementor-divider-separator\">\n\t\t\t\t\t\t<\/span>\n\t\t<\/div>\n\t\t\t\t\t\t<\/div>\n\t\t\t\t<\/div>\n\t\t\t\t\t<\/div>\n\t\t\t\t<\/div>\n\t\t\t\t<\/div>\n\t\t","protected":false},"excerpt":{"rendered":"<p>Nuestra empresa Mejorando la calidad de vida de la poblaci\u00f3n mundial Nuestra empresa,\u00a0Vidalatex S.L., es la representante en exclusiva de los productos Unilatex\u00a0para Espa\u00f1a y Portugal. Unilatex, fue fundada a principios del siglo XXI y cuenta con un rango importante de productos punteros en el campo sanitario y con excelentes acuerdos globales de fabricaci\u00f3n con empresas del sector, lo que garantiza una competitividad en calidad y precio muy ventajosa para nuestros clientes distribuidores en los mercados internacionales. Unilatex es una marca registrada (Clase 10) en Europa y Estados Unidos. Hemos logrado distribuir unos productos con coste bajo y calidad altamente reconocidas mundialmente, lo que ha hecho que nuestro grupo sea un reconocido exportador e importador de productos en el \u00e1mbito sanitario a nivel internacional: Compra-venta Importaci\u00f3n-exportaci\u00f3n Comercializaci\u00f3n y distribuci\u00f3n de preservativos, test de diagn\u00f3stico y de todo tipo de productos sanitarios Productos er\u00f3ticos M\u00e1quinas expendedoras de productos vending Con el objetivo de ofrecer la provisi\u00f3n a programas internacionales en el \u00e1rea de Planificaci\u00f3n Familiar, nuestro grupo ofrece preservativos de la m\u00e1s alta calidad a unos precios muy competitivos para m\u00e1quinas vending, venta al por mayor, organismos p\u00fablicos e instituciones, y distribuci\u00f3n internacional. Nuestros preservativos son elaborados mediante la combinaci\u00f3n del mejor l\u00e1tex del planeta, en Malasia, junto con la \u00faltima tecnolog\u00eda alemana de vanguardia, de \u00abdefecto cero\u00bb. Asimismo, cumplen todas las normas internacionales de calidad (fabricaci\u00f3n siguiendo la normativa ISO), integran el marcado CE, habiendo tambi\u00e9n sido aprobados por el FDA de Estados Unidos. Por otro lado, las enfermedades ven\u00e9reas deben detectarse una vez que los anticuerpos han entrado en el ser humano. Para ello, hemos puesto \u00e9nfasis en el desarrollo de mecanismos de detecci\u00f3n de estas enfermedades, a trav\u00e9s de nuestros test de diagn\u00f3stico in vitro, subcontratamos la producci\u00f3n en f\u00e1bricas con certificaci\u00f3n ISO 13485:2013. En su mayor\u00eda, disponen de marcado CE, unos para uso profesional y otros para autodiagn\u00f3stico, siguiendo la Directiva Europea de Diagn\u00f3stico in Vitro 98\/79). La salud es algo demasiado importante para la vida de un individuo, pues si una persona tiene plena salud f\u00edsica y mental, las posibilidades de relacionarse con el entorno son extraordinarias y, por ello, la capacidad de \u00e9xito en sus logros es mucho mayor. Nosotros contribuimos de esta forma a hacer la vida mucho m\u00e1s f\u00e1cil para Vd. Muchas gracias por el uso de nuestra gama de productos.<\/p>\n","protected":false},"author":2,"featured_media":483,"parent":17,"menu_order":1,"comment_status":"closed","ping_status":"closed","template":"","meta":{"footnotes":""},"class_list":["post-36","page","type-page","status-publish","has-post-thumbnail","hentry"],"yoast_head":"<!-- This site is optimized with the Yoast SEO plugin v27.5 - https:\/\/yoast.com\/product\/yoast-seo-wordpress\/ -->\n<title>Nuestra empresa<\/title>\n<meta name=\"description\" content=\"Nuestra empresa, Vidalatex S.L., es la representante en exclusiva de los productos Unilatex para Espa\u00f1a y Portugal.\" \/>\n<meta name=\"robots\" content=\"index, follow, max-snippet:-1, max-video-preview:-1, noimageindex\" \/>\n<link rel=\"canonical\" href=\"https:\/\/unilatex.es\/es\/bienvenido-a-unilatex\/nuestra-empresa\/\" \/>\n<meta property=\"og:locale\" content=\"es_ES\" \/>\n<meta property=\"og:type\" content=\"article\" \/>\n<meta property=\"og:title\" content=\"Nuestra empresa\" \/>\n<meta property=\"og:description\" content=\"Nuestra empresa, Vidalatex S.L., es la representante en exclusiva de los productos Unilatex para Espa\u00f1a y Portugal.\" \/>\n<meta property=\"og:url\" content=\"https:\/\/unilatex.es\/es\/bienvenido-a-unilatex\/nuestra-empresa\/\" \/>\n<meta property=\"og:site_name\" content=\"Unilatex\" \/>\n<meta property=\"article:modified_time\" content=\"2025-06-17T13:29:20+00:00\" \/>\n<meta property=\"og:image\" content=\"https:\/\/unilatex.es\/wp-content\/uploads\/2024\/10\/cropped-icon.png\" \/>\n\t<meta property=\"og:image:width\" content=\"512\" \/>\n\t<meta property=\"og:image:height\" content=\"512\" \/>\n\t<meta property=\"og:image:type\" content=\"image\/png\" \/>\n<meta name=\"twitter:card\" content=\"summary_large_image\" \/>\n<meta name=\"twitter:label1\" content=\"Tiempo de lectura\" \/>\n\t<meta name=\"twitter:data1\" content=\"2 minutos\" \/>\n<script type=\"application\/ld+json\" class=\"yoast-schema-graph\">{\"@context\":\"https:\\\/\\\/schema.org\",\"@graph\":[{\"@type\":\"Article\",\"@id\":\"https:\\\/\\\/unilatex.es\\\/bienvenido-a-unilatex\\\/nuestra-empresa\\\/#article\",\"isPartOf\":{\"@id\":\"https:\\\/\\\/unilatex.es\\\/es\\\/unilatex\\\/nuestra-empresa\\\/\"},\"author\":{\"name\":\"webmasterUnilatex\",\"@id\":\"https:\\\/\\\/unilatex.es\\\/#\\\/schema\\\/person\\\/0fa555dbe7c14adf7b86a6b06854cc3f\"},\"headline\":\"Nuestra empresa\",\"datePublished\":\"2024-12-03T15:42:30+00:00\",\"dateModified\":\"2025-06-17T13:29:20+00:00\",\"mainEntityOfPage\":{\"@id\":\"https:\\\/\\\/unilatex.es\\\/es\\\/unilatex\\\/nuestra-empresa\\\/\"},\"wordCount\":424,\"publisher\":{\"@id\":\"https:\\\/\\\/unilatex.es\\\/#organization\"},\"image\":{\"@id\":\"https:\\\/\\\/unilatex.es\\\/bienvenido-a-unilatex\\\/nuestra-empresa\\\/#primaryimage\"},\"thumbnailUrl\":\"https:\\\/\\\/unilatex.es\\\/wp-content\\\/uploads\\\/2024\\\/10\\\/cropped-icon.png\",\"inLanguage\":\"es\"},{\"@type\":\"WebPage\",\"@id\":\"https:\\\/\\\/unilatex.es\\\/es\\\/unilatex\\\/nuestra-empresa\\\/\",\"url\":\"https:\\\/\\\/unilatex.es\\\/bienvenido-a-unilatex\\\/nuestra-empresa\\\/\",\"name\":\"Nuestra empresa\",\"isPartOf\":{\"@id\":\"https:\\\/\\\/unilatex.es\\\/#website\"},\"primaryImageOfPage\":{\"@id\":\"https:\\\/\\\/unilatex.es\\\/bienvenido-a-unilatex\\\/nuestra-empresa\\\/#primaryimage\"},\"image\":{\"@id\":\"https:\\\/\\\/unilatex.es\\\/bienvenido-a-unilatex\\\/nuestra-empresa\\\/#primaryimage\"},\"thumbnailUrl\":\"https:\\\/\\\/unilatex.es\\\/wp-content\\\/uploads\\\/2024\\\/10\\\/cropped-icon.png\",\"datePublished\":\"2024-12-03T15:42:30+00:00\",\"dateModified\":\"2025-06-17T13:29:20+00:00\",\"description\":\"Nuestra empresa, Vidalatex S.L., es la representante en exclusiva de los productos Unilatex para Espa\u00f1a y Portugal.\",\"breadcrumb\":{\"@id\":\"https:\\\/\\\/unilatex.es\\\/bienvenido-a-unilatex\\\/nuestra-empresa\\\/#breadcrumb\"},\"inLanguage\":\"es\",\"potentialAction\":[{\"@type\":\"ReadAction\",\"target\":[\"https:\\\/\\\/unilatex.es\\\/bienvenido-a-unilatex\\\/nuestra-empresa\\\/\"]}]},{\"@type\":\"ImageObject\",\"inLanguage\":\"es\",\"@id\":\"https:\\\/\\\/unilatex.es\\\/bienvenido-a-unilatex\\\/nuestra-empresa\\\/#primaryimage\",\"url\":\"https:\\\/\\\/unilatex.es\\\/wp-content\\\/uploads\\\/2024\\\/10\\\/cropped-icon.png\",\"contentUrl\":\"https:\\\/\\\/unilatex.es\\\/wp-content\\\/uploads\\\/2024\\\/10\\\/cropped-icon.png\",\"width\":512,\"height\":512,\"caption\":\"Logo Unilatex\"},{\"@type\":\"BreadcrumbList\",\"@id\":\"https:\\\/\\\/unilatex.es\\\/bienvenido-a-unilatex\\\/nuestra-empresa\\\/#breadcrumb\",\"itemListElement\":[{\"@type\":\"ListItem\",\"position\":1,\"name\":\"Home\",\"item\":\"https:\\\/\\\/unilatex.es\\\/es\\\/\"},{\"@type\":\"ListItem\",\"position\":2,\"name\":\"Inicio\",\"item\":\"https:\\\/\\\/unilatex.es\\\/es\\\/\"},{\"@type\":\"ListItem\",\"position\":3,\"name\":\"Nuestra empresa\"}]},{\"@type\":\"WebSite\",\"@id\":\"https:\\\/\\\/unilatex.es\\\/#website\",\"url\":\"https:\\\/\\\/unilatex.es\\\/\",\"name\":\"Unilatex\",\"description\":\"Unilatex Espa\u00f1a\",\"publisher\":{\"@id\":\"https:\\\/\\\/unilatex.es\\\/#organization\"},\"potentialAction\":[{\"@type\":\"SearchAction\",\"target\":{\"@type\":\"EntryPoint\",\"urlTemplate\":\"https:\\\/\\\/unilatex.es\\\/?s={search_term_string}\"},\"query-input\":{\"@type\":\"PropertyValueSpecification\",\"valueRequired\":true,\"valueName\":\"search_term_string\"}}],\"inLanguage\":\"es\"},{\"@type\":\"Organization\",\"@id\":\"https:\\\/\\\/unilatex.es\\\/#organization\",\"name\":\"Unilatex\",\"url\":\"https:\\\/\\\/unilatex.es\\\/\",\"logo\":{\"@type\":\"ImageObject\",\"inLanguage\":\"es\",\"@id\":\"https:\\\/\\\/unilatex.es\\\/#\\\/schema\\\/logo\\\/image\\\/\",\"url\":\"https:\\\/\\\/unilatex.es\\\/wp-content\\\/uploads\\\/2024\\\/10\\\/logo-unilatex.png\",\"contentUrl\":\"https:\\\/\\\/unilatex.es\\\/wp-content\\\/uploads\\\/2024\\\/10\\\/logo-unilatex.png\",\"width\":237,\"height\":54,\"caption\":\"Unilatex\"},\"image\":{\"@id\":\"https:\\\/\\\/unilatex.es\\\/#\\\/schema\\\/logo\\\/image\\\/\"}},{\"@type\":\"Person\",\"@id\":\"https:\\\/\\\/unilatex.es\\\/#\\\/schema\\\/person\\\/0fa555dbe7c14adf7b86a6b06854cc3f\",\"name\":\"webmasterUnilatex\",\"image\":{\"@type\":\"ImageObject\",\"inLanguage\":\"es\",\"@id\":\"https:\\\/\\\/secure.gravatar.com\\\/avatar\\\/54a072751f9e21222a3568a8d2d69b4022fd6593a6c3d0e82153b1607fe75950?s=96&r=g\",\"url\":\"https:\\\/\\\/secure.gravatar.com\\\/avatar\\\/54a072751f9e21222a3568a8d2d69b4022fd6593a6c3d0e82153b1607fe75950?s=96&r=g\",\"contentUrl\":\"https:\\\/\\\/secure.gravatar.com\\\/avatar\\\/54a072751f9e21222a3568a8d2d69b4022fd6593a6c3d0e82153b1607fe75950?s=96&r=g\",\"caption\":\"webmasterUnilatex\"}}]}<\/script>\n<!-- \/ Yoast SEO plugin. -->","yoast_head_json":{"title":"Nuestra empresa","description":"Nuestra empresa, Vidalatex S.L., es la representante en exclusiva de los productos Unilatex para Espa\u00f1a y Portugal.","robots":{"index":"index","follow":"follow","max-snippet":"max-snippet:-1","max-video-preview":"max-video-preview:-1","imageindex":"noimageindex"},"canonical":"https:\/\/unilatex.es\/es\/bienvenido-a-unilatex\/nuestra-empresa\/","og_locale":"es_ES","og_type":"article","og_title":"Nuestra empresa","og_description":"Nuestra empresa, Vidalatex S.L., es la representante en exclusiva de los productos Unilatex para Espa\u00f1a y Portugal.","og_url":"https:\/\/unilatex.es\/es\/bienvenido-a-unilatex\/nuestra-empresa\/","og_site_name":"Unilatex","article_modified_time":"2025-06-17T13:29:20+00:00","og_image":[{"width":512,"height":512,"url":"https:\/\/unilatex.es\/wp-content\/uploads\/2024\/10\/cropped-icon.png","type":"image\/png"}],"twitter_card":"summary_large_image","twitter_misc":{"Tiempo de lectura":"2 minutos"},"schema":{"@context":"https:\/\/schema.org","@graph":[{"@type":"Article","@id":"https:\/\/unilatex.es\/bienvenido-a-unilatex\/nuestra-empresa\/#article","isPartOf":{"@id":"https:\/\/unilatex.es\/es\/unilatex\/nuestra-empresa\/"},"author":{"name":"webmasterUnilatex","@id":"https:\/\/unilatex.es\/#\/schema\/person\/0fa555dbe7c14adf7b86a6b06854cc3f"},"headline":"Nuestra empresa","datePublished":"2024-12-03T15:42:30+00:00","dateModified":"2025-06-17T13:29:20+00:00","mainEntityOfPage":{"@id":"https:\/\/unilatex.es\/es\/unilatex\/nuestra-empresa\/"},"wordCount":424,"publisher":{"@id":"https:\/\/unilatex.es\/#organization"},"image":{"@id":"https:\/\/unilatex.es\/bienvenido-a-unilatex\/nuestra-empresa\/#primaryimage"},"thumbnailUrl":"https:\/\/unilatex.es\/wp-content\/uploads\/2024\/10\/cropped-icon.png","inLanguage":"es"},{"@type":"WebPage","@id":"https:\/\/unilatex.es\/es\/unilatex\/nuestra-empresa\/","url":"https:\/\/unilatex.es\/bienvenido-a-unilatex\/nuestra-empresa\/","name":"Nuestra empresa","isPartOf":{"@id":"https:\/\/unilatex.es\/#website"},"primaryImageOfPage":{"@id":"https:\/\/unilatex.es\/bienvenido-a-unilatex\/nuestra-empresa\/#primaryimage"},"image":{"@id":"https:\/\/unilatex.es\/bienvenido-a-unilatex\/nuestra-empresa\/#primaryimage"},"thumbnailUrl":"https:\/\/unilatex.es\/wp-content\/uploads\/2024\/10\/cropped-icon.png","datePublished":"2024-12-03T15:42:30+00:00","dateModified":"2025-06-17T13:29:20+00:00","description":"Nuestra empresa, Vidalatex S.L., es la representante en exclusiva de los productos Unilatex para Espa\u00f1a y Portugal.","breadcrumb":{"@id":"https:\/\/unilatex.es\/bienvenido-a-unilatex\/nuestra-empresa\/#breadcrumb"},"inLanguage":"es","potentialAction":[{"@type":"ReadAction","target":["https:\/\/unilatex.es\/bienvenido-a-unilatex\/nuestra-empresa\/"]}]},{"@type":"ImageObject","inLanguage":"es","@id":"https:\/\/unilatex.es\/bienvenido-a-unilatex\/nuestra-empresa\/#primaryimage","url":"https:\/\/unilatex.es\/wp-content\/uploads\/2024\/10\/cropped-icon.png","contentUrl":"https:\/\/unilatex.es\/wp-content\/uploads\/2024\/10\/cropped-icon.png","width":512,"height":512,"caption":"Logo Unilatex"},{"@type":"BreadcrumbList","@id":"https:\/\/unilatex.es\/bienvenido-a-unilatex\/nuestra-empresa\/#breadcrumb","itemListElement":[{"@type":"ListItem","position":1,"name":"Home","item":"https:\/\/unilatex.es\/es\/"},{"@type":"ListItem","position":2,"name":"Inicio","item":"https:\/\/unilatex.es\/es\/"},{"@type":"ListItem","position":3,"name":"Nuestra empresa"}]},{"@type":"WebSite","@id":"https:\/\/unilatex.es\/#website","url":"https:\/\/unilatex.es\/","name":"Unilatex","description":"Unilatex Espa\u00f1a","publisher":{"@id":"https:\/\/unilatex.es\/#organization"},"potentialAction":[{"@type":"SearchAction","target":{"@type":"EntryPoint","urlTemplate":"https:\/\/unilatex.es\/?s={search_term_string}"},"query-input":{"@type":"PropertyValueSpecification","valueRequired":true,"valueName":"search_term_string"}}],"inLanguage":"es"},{"@type":"Organization","@id":"https:\/\/unilatex.es\/#organization","name":"Unilatex","url":"https:\/\/unilatex.es\/","logo":{"@type":"ImageObject","inLanguage":"es","@id":"https:\/\/unilatex.es\/#\/schema\/logo\/image\/","url":"https:\/\/unilatex.es\/wp-content\/uploads\/2024\/10\/logo-unilatex.png","contentUrl":"https:\/\/unilatex.es\/wp-content\/uploads\/2024\/10\/logo-unilatex.png","width":237,"height":54,"caption":"Unilatex"},"image":{"@id":"https:\/\/unilatex.es\/#\/schema\/logo\/image\/"}},{"@type":"Person","@id":"https:\/\/unilatex.es\/#\/schema\/person\/0fa555dbe7c14adf7b86a6b06854cc3f","name":"webmasterUnilatex","image":{"@type":"ImageObject","inLanguage":"es","@id":"https:\/\/secure.gravatar.com\/avatar\/54a072751f9e21222a3568a8d2d69b4022fd6593a6c3d0e82153b1607fe75950?s=96&r=g","url":"https:\/\/secure.gravatar.com\/avatar\/54a072751f9e21222a3568a8d2d69b4022fd6593a6c3d0e82153b1607fe75950?s=96&r=g","contentUrl":"https:\/\/secure.gravatar.com\/avatar\/54a072751f9e21222a3568a8d2d69b4022fd6593a6c3d0e82153b1607fe75950?s=96&r=g","caption":"webmasterUnilatex"}}]}},"_links":{"self":[{"href":"https:\/\/unilatex.es\/es\/wp-json\/wp\/v2\/pages\/36","targetHints":{"allow":["GET"]}}],"collection":[{"href":"https:\/\/unilatex.es\/es\/wp-json\/wp\/v2\/pages"}],"about":[{"href":"https:\/\/unilatex.es\/es\/wp-json\/wp\/v2\/types\/page"}],"author":[{"embeddable":true,"href":"https:\/\/unilatex.es\/es\/wp-json\/wp\/v2\/users\/2"}],"replies":[{"embeddable":true,"href":"https:\/\/unilatex.es\/es\/wp-json\/wp\/v2\/comments?post=36"}],"version-history":[{"count":64,"href":"https:\/\/unilatex.es\/es\/wp-json\/wp\/v2\/pages\/36\/revisions"}],"predecessor-version":[{"id":2341,"href":"https:\/\/unilatex.es\/es\/wp-json\/wp\/v2\/pages\/36\/revisions\/2341"}],"up":[{"embeddable":true,"href":"https:\/\/unilatex.es\/es\/wp-json\/wp\/v2\/pages\/17"}],"wp:featuredmedia":[{"embeddable":true,"href":"https:\/\/unilatex.es\/es\/wp-json\/wp\/v2\/media\/483"}],"wp:attachment":[{"href":"https:\/\/unilatex.es\/es\/wp-json\/wp\/v2\/media?parent=36"}],"curies":[{"name":"wp","href":"https:\/\/api.w.org\/{rel}","templated":true}]}}